{"id":37582,"date":"2021-02-02T10:07:36","date_gmt":"2021-02-02T13:07:36","guid":{"rendered":"https:\/\/liriacutelaria.com.br\/?post_type=product&#038;p=37582"},"modified":"2021-10-21T13:05:28","modified_gmt":"2021-10-21T16:05:28","slug":"chaira-diamantada-em-aco-inox","status":"publish","type":"product","link":"https:\/\/liriacutelaria.com.br\/?product=chaira-diamantada-em-aco-inox","title":{"rendered":"Chaira  Diamantada em A\u00e7o Inox"},"content":{"rendered":"<h1>Chaira Tramontina Profio Diamantada em A\u00e7o Inox com Superf\u00edcie Diamantada e Cabo em ABS 10&#8243;<\/h1>\n","protected":false},"excerpt":{"rendered":"<h1>Chaira Tramontina Profio Diamantada em A\u00e7o Inox<\/h1>\n","protected":false},"featured_media":37583,"comment_status":"open","ping_status":"closed","template":"","meta":[],"_links":{"self":[{"href":"https:\/\/liriacutelaria.com.br\/index.php?rest_route=\/wp\/v2\/product\/37582"}],"collection":[{"href":"https:\/\/liriacutelaria.com.br\/index.php?rest_route=\/wp\/v2\/product"}],"about":[{"href":"https:\/\/liriacutelaria.com.br\/index.php?rest_route=\/wp\/v2\/types\/product"}],"replies":[{"embeddable":true,"href":"https:\/\/liriacutelaria.com.br\/index.php?rest_route=%2Fwp%2Fv2%2Fcomments&post=37582"}],"wp:featuredmedia":[{"embeddable":true,"href":"https:\/\/liriacutelaria.com.br\/index.php?rest_route=\/wp\/v2\/media\/37583"}],"wp:attachment":[{"href":"https:\/\/liriacutelaria.com.br\/index.php?rest_route=%2Fwp%2Fv2%2Fmedia&parent=37582"}],"curies":[{"name":"wp","href":"https:\/\/api.w.org\/{rel}","templated":true}]}}