{"id":37129,"date":"2020-07-24T14:53:53","date_gmt":"2020-07-24T17:53:53","guid":{"rendered":"https:\/\/liriacutelaria.com.br\/?post_type=product&#038;p=37129"},"modified":"2023-02-07T08:41:59","modified_gmt":"2023-02-07T11:41:59","slug":"torneira-clic","status":"publish","type":"product","link":"https:\/\/liriacutelaria.com.br\/?product=torneira-clic","title":{"rendered":"Torneira Clic"},"content":{"rendered":"<div class=\"product-title\">\n<div class=\"product-title\">\n<h3>Torneira Clic<\/h3>\n<p>Qualidade e durabilidade.<\/p>\n<\/div>\n<div class=\"product-caract\">\n<p>Pr\u00e1ticas, f\u00e1ceis de instalar e super-resistentes, as torneiras St\u00e9fani Clic proporcionam uma excelente vaz\u00e3o de \u00e1gua, contando com um design moderno e cores neutras que se harmonizam com qualquer filtro e ambiente.<\/p>\n<p>Sua embalagem ass\u00e9ptica garante toda a seguran\u00e7a e qualidade que s\u00f3 a Cer\u00e2mica St\u00e9fani oferece aos seus consumidores.<\/p>\n<p>Todos os filtros por gravidade da Cer\u00e2mica St\u00e9fani s\u00e3o equipados com as Torneiras St\u00e9fani Clic.<\/p>\n<p>Compat\u00edveis com a grande maioria dos modelos de filtros, suportes e reservat\u00f3rios do mercado.<\/p>\n<p>Mais Resistente.<br \/>\nMais Vaz\u00e3o.<br \/>\nMais Durabilidade.<\/p>\n<\/div>\n<h3><span style=\"font-size: 14px; font-weight: normal;\">.<\/span><\/h3>\n<\/div>\n","protected":false},"excerpt":{"rendered":"<h3>Torneira Clic<\/h3>\n","protected":false},"featured_media":37130,"comment_status":"closed","ping_status":"closed","template":"","meta":[],"_links":{"self":[{"href":"https:\/\/liriacutelaria.com.br\/index.php?rest_route=\/wp\/v2\/product\/37129"}],"collection":[{"href":"https:\/\/liriacutelaria.com.br\/index.php?rest_route=\/wp\/v2\/product"}],"about":[{"href":"https:\/\/liriacutelaria.com.br\/index.php?rest_route=\/wp\/v2\/types\/product"}],"replies":[{"embeddable":true,"href":"https:\/\/liriacutelaria.com.br\/index.php?rest_route=%2Fwp%2Fv2%2Fcomments&post=37129"}],"wp:featuredmedia":[{"embeddable":true,"href":"https:\/\/liriacutelaria.com.br\/index.php?rest_route=\/wp\/v2\/media\/37130"}],"wp:attachment":[{"href":"https:\/\/liriacutelaria.com.br\/index.php?rest_route=%2Fwp%2Fv2%2Fmedia&parent=37129"}],"curies":[{"name":"wp","href":"https:\/\/api.w.org\/{rel}","templated":true}]}}