{"id":37127,"date":"2020-07-24T14:49:33","date_gmt":"2020-07-24T17:49:33","guid":{"rendered":"https:\/\/liriacutelaria.com.br\/?post_type=product&#038;p=37127"},"modified":"2020-10-21T16:10:09","modified_gmt":"2020-10-21T19:10:09","slug":"boia","status":"publish","type":"product","link":"https:\/\/liriacutelaria.com.br\/?product=boia","title":{"rendered":"Boia"},"content":{"rendered":"<div class=\"product-title\">\n<h3>Boia<\/h3>\n<p>Aproveite o m\u00e1ximo do seu filtro.<\/p>\n<\/div>\n<div class=\"product-caract\">\n<p>Duplica a capacidade do filtro.<br \/>\nEvita transbordamentos de \u00e1gua.<br \/>\nDe f\u00e1cil instala\u00e7\u00e3o.<\/p>\n<\/div>\n","protected":false},"excerpt":{"rendered":"<h3>Boia<\/h3>\n","protected":false},"featured_media":37128,"comment_status":"closed","ping_status":"closed","template":"","meta":[],"_links":{"self":[{"href":"https:\/\/liriacutelaria.com.br\/index.php?rest_route=\/wp\/v2\/product\/37127"}],"collection":[{"href":"https:\/\/liriacutelaria.com.br\/index.php?rest_route=\/wp\/v2\/product"}],"about":[{"href":"https:\/\/liriacutelaria.com.br\/index.php?rest_route=\/wp\/v2\/types\/product"}],"replies":[{"embeddable":true,"href":"https:\/\/liriacutelaria.com.br\/index.php?rest_route=%2Fwp%2Fv2%2Fcomments&post=37127"}],"wp:featuredmedia":[{"embeddable":true,"href":"https:\/\/liriacutelaria.com.br\/index.php?rest_route=\/wp\/v2\/media\/37128"}],"wp:attachment":[{"href":"https:\/\/liriacutelaria.com.br\/index.php?rest_route=%2Fwp%2Fv2%2Fmedia&parent=37127"}],"curies":[{"name":"wp","href":"https:\/\/api.w.org\/{rel}","templated":true}]}}