{"id":37126,"date":"2020-07-24T14:46:15","date_gmt":"2020-07-24T17:46:15","guid":{"rendered":"https:\/\/liriacutelaria.com.br\/?post_type=product&#038;p=37126"},"modified":"2022-02-14T11:13:19","modified_gmt":"2022-02-14T14:13:19","slug":"vela-ceramica-esterilizante","status":"publish","type":"product","link":"https:\/\/liriacutelaria.com.br\/?product=vela-ceramica-esterilizante","title":{"rendered":"Vela Cer\u00e2mica Esterilizante"},"content":{"rendered":"<p>S\u00f3 mesmo a empresa l\u00edder do setor poderia fabricar uma das melhores velas do mundo. Al\u00e9m dos filtros St\u00e9fani terem sido os primeiros a receber o certificado do INMETRO, a Vela St\u00e9fani \u00e9 considerada uma das mais eficientes do mundo no tratamento da \u00e1gua.<\/p>\n<div class=\"product-caract\">\n<p>Sua parede em material cer\u00e2mico microporoso filtra a \u00e1gua por gravidade, sem adi\u00e7\u00e3o de produtos qu\u00edmicos, reduzindo impurezas e retendo part\u00edculas s\u00f3lidas, o que garante uma \u00e1gua saud\u00e1vel e livre de microrganismos.<\/p>\n<p>As velas St\u00e9fani s\u00e3o compat\u00edveis com praticamente todos os filtros por gravidade do mercado e, sem d\u00favida, n\u00e3o h\u00e1 meio mais seguro de oferecer \u00e1gua limpa e garantir sa\u00fade e bem-estar.<\/p>\n<\/div>\n","protected":false},"excerpt":{"rendered":"<h3>Vela Cer\u00e2mica Esterilizante<\/h3>\n","protected":false},"featured_media":37124,"comment_status":"closed","ping_status":"closed","template":"","meta":[],"_links":{"self":[{"href":"https:\/\/liriacutelaria.com.br\/index.php?rest_route=\/wp\/v2\/product\/37126"}],"collection":[{"href":"https:\/\/liriacutelaria.com.br\/index.php?rest_route=\/wp\/v2\/product"}],"about":[{"href":"https:\/\/liriacutelaria.com.br\/index.php?rest_route=\/wp\/v2\/types\/product"}],"replies":[{"embeddable":true,"href":"https:\/\/liriacutelaria.com.br\/index.php?rest_route=%2Fwp%2Fv2%2Fcomments&post=37126"}],"wp:featuredmedia":[{"embeddable":true,"href":"https:\/\/liriacutelaria.com.br\/index.php?rest_route=\/wp\/v2\/media\/37124"}],"wp:attachment":[{"href":"https:\/\/liriacutelaria.com.br\/index.php?rest_route=%2Fwp%2Fv2%2Fmedia&parent=37126"}],"curies":[{"name":"wp","href":"https:\/\/api.w.org\/{rel}","templated":true}]}}