{"id":37123,"date":"2020-07-24T14:41:05","date_gmt":"2020-07-24T17:41:05","guid":{"rendered":"https:\/\/liriacutelaria.com.br\/?post_type=product&#038;p=37123"},"modified":"2020-10-21T16:06:54","modified_gmt":"2020-10-21T19:06:54","slug":"vela-ceramica-tradicional","status":"publish","type":"product","link":"https:\/\/liriacutelaria.com.br\/?product=vela-ceramica-tradicional","title":{"rendered":"Vela Cer\u00e2mica Tradicional"},"content":{"rendered":"<p>S\u00f3 mesmo a empresa l\u00edder do setor poderia fabricar uma das melhores velas do mundo. Al\u00e9m dos filtros St\u00e9fani terem sido os primeiros a receber o certificado do INMETRO, a Vela St\u00e9fani \u00e9 considerada uma das mais eficientes do mundo no tratamento da \u00e1gua.<\/p>\n<p>Sua parede em material cer\u00e2mico microporoso filtra a \u00e1gua por gravidade, sem adi\u00e7\u00e3o de produtos qu\u00edmicos, reduzindo impurezas e retendo part\u00edculas s\u00f3lidas, o que garante uma \u00e1gua saud\u00e1vel e livre de microrganismos.<\/p>\n<p>As Velas St\u00e9fani s\u00e3o compat\u00edveis com praticamente todos os filtros por gravidade do mercado e, sem d\u00favida, n\u00e3o h\u00e1 meio mais seguro de oferecer \u00e1gua limpa e garantir sa\u00fade e bem-estar.<\/p>\n<h1><\/h1>\n<p>&nbsp;<\/p>\n","protected":false},"excerpt":{"rendered":"<h3>Vela Cer\u00e2mica Tradicional<\/h3>\n","protected":false},"featured_media":37125,"comment_status":"closed","ping_status":"closed","template":"","meta":[],"_links":{"self":[{"href":"https:\/\/liriacutelaria.com.br\/index.php?rest_route=\/wp\/v2\/product\/37123"}],"collection":[{"href":"https:\/\/liriacutelaria.com.br\/index.php?rest_route=\/wp\/v2\/product"}],"about":[{"href":"https:\/\/liriacutelaria.com.br\/index.php?rest_route=\/wp\/v2\/types\/product"}],"replies":[{"embeddable":true,"href":"https:\/\/liriacutelaria.com.br\/index.php?rest_route=%2Fwp%2Fv2%2Fcomments&post=37123"}],"wp:featuredmedia":[{"embeddable":true,"href":"https:\/\/liriacutelaria.com.br\/index.php?rest_route=\/wp\/v2\/media\/37125"}],"wp:attachment":[{"href":"https:\/\/liriacutelaria.com.br\/index.php?rest_route=%2Fwp%2Fv2%2Fmedia&parent=37123"}],"curies":[{"name":"wp","href":"https:\/\/api.w.org\/{rel}","templated":true}]}}