{"id":37119,"date":"2020-07-24T14:21:51","date_gmt":"2020-07-24T17:21:51","guid":{"rendered":"https:\/\/liriacutelaria.com.br\/?post_type=product&#038;p=37119"},"modified":"2021-05-05T15:35:40","modified_gmt":"2021-05-05T18:35:40","slug":"filtro-sao-joao-n4","status":"publish","type":"product","link":"https:\/\/liriacutelaria.com.br\/?product=filtro-sao-joao-n4","title":{"rendered":"Filtro S\u00e3o Jo\u00e3o n\u00b04"},"content":{"rendered":"<p>O S\u00e3o Jo\u00e3o foi o primeiro filtro a ser fabricado pela Cer\u00e2mica St\u00e9fani, em 1947, mantendo suas caracter\u00edsticas e tradi\u00e7\u00e3o. E depois de todos esses anos no mercado, ele j\u00e1 marcou presen\u00e7a em pelo menos tr\u00eas gera\u00e7\u00f5es.<\/p>\n<p>E toda essa simpatia que o p\u00fablico tem pelo Filtro S\u00e3o Jo\u00e3o se deve \u00e0 sua qualidade, durabilidade e economia indiscut\u00edveis que o acompanham desde o seu nascimento.<\/p>\n<p>\u2022 Durabilidade e qualidade comprovadas.<br \/>\n\u2022 \u00c1gua naturalmente fresca e saud\u00e1vel.<br \/>\n\u2022 Feito \u00e0 m\u00e3o em argila especial.<br \/>\n\u2022 Reduz impurezas presentes na \u00e1gua.<br \/>\n\u2022 Equipado com vela cer\u00e2mica tradicional e torneira clic.<\/p>\n<p>&nbsp;<\/p>\n<h1><\/h1>\n<p>&nbsp;<\/p>\n","protected":false},"excerpt":{"rendered":"<p>Filtro S\u00e3o Jo\u00e3o n\u00b04<\/p>\n","protected":false},"featured_media":37019,"comment_status":"closed","ping_status":"closed","template":"","meta":[],"_links":{"self":[{"href":"https:\/\/liriacutelaria.com.br\/index.php?rest_route=\/wp\/v2\/product\/37119"}],"collection":[{"href":"https:\/\/liriacutelaria.com.br\/index.php?rest_route=\/wp\/v2\/product"}],"about":[{"href":"https:\/\/liriacutelaria.com.br\/index.php?rest_route=\/wp\/v2\/types\/product"}],"replies":[{"embeddable":true,"href":"https:\/\/liriacutelaria.com.br\/index.php?rest_route=%2Fwp%2Fv2%2Fcomments&post=37119"}],"wp:featuredmedia":[{"embeddable":true,"href":"https:\/\/liriacutelaria.com.br\/index.php?rest_route=\/wp\/v2\/media\/37019"}],"wp:attachment":[{"href":"https:\/\/liriacutelaria.com.br\/index.php?rest_route=%2Fwp%2Fv2%2Fmedia&parent=37119"}],"curies":[{"name":"wp","href":"https:\/\/api.w.org\/{rel}","templated":true}]}}