{"id":37115,"date":"2020-07-23T15:36:53","date_gmt":"2020-07-23T18:36:53","guid":{"rendered":"https:\/\/liriacutelaria.com.br\/?post_type=product&#038;p=37115"},"modified":"2022-02-14T11:14:32","modified_gmt":"2022-02-14T14:14:32","slug":"tesoura-de-costura-cushion-pro-20-cm-mundial","status":"publish","type":"product","link":"https:\/\/liriacutelaria.com.br\/?product=tesoura-de-costura-cushion-pro-20-cm-mundial","title":{"rendered":"Tesoura de Costura Cushion Pro 20 cm &#8211; Mundial"},"content":{"rendered":"<h4>Tesoura de Costura Cushion Pro 20 cm &#8211; Mundial<\/h4>\n<p>Novas tesouras Mundial Cushion-Pro! A combina\u00e7\u00e3o perfeita de desempenho profissional e conforto incompar\u00e1vel! Com a\u00e7o mais finos e l\u00e2minas precisamente afiadas, as tesouras CUSHION PRO foram projetadas para lidar com as aplica\u00e7\u00f5es mais pesadas, proporcionando, ao mesmo tempo, um f\u00e1cil manejo de suas al\u00e7as e garantindo que seus dedos se sentir\u00e3o confort\u00e1veis independente do uso. Tenha que voc\u00ea cortar 10 minutos por dia, ou 10 horas por dia, prometemos que cada corte ser\u00e1 suave e que sua m\u00e3o continuar\u00e1 macia.<\/p>\n","protected":false},"excerpt":{"rendered":"<p>Tesoura de Costura Cushion Pro 20 cm &#8211; Mundial<\/p>\n","protected":false},"featured_media":37116,"comment_status":"closed","ping_status":"closed","template":"","meta":[],"_links":{"self":[{"href":"https:\/\/liriacutelaria.com.br\/index.php?rest_route=\/wp\/v2\/product\/37115"}],"collection":[{"href":"https:\/\/liriacutelaria.com.br\/index.php?rest_route=\/wp\/v2\/product"}],"about":[{"href":"https:\/\/liriacutelaria.com.br\/index.php?rest_route=\/wp\/v2\/types\/product"}],"replies":[{"embeddable":true,"href":"https:\/\/liriacutelaria.com.br\/index.php?rest_route=%2Fwp%2Fv2%2Fcomments&post=37115"}],"wp:featuredmedia":[{"embeddable":true,"href":"https:\/\/liriacutelaria.com.br\/index.php?rest_route=\/wp\/v2\/media\/37116"}],"wp:attachment":[{"href":"https:\/\/liriacutelaria.com.br\/index.php?rest_route=%2Fwp%2Fv2%2Fmedia&parent=37115"}],"curies":[{"name":"wp","href":"https:\/\/api.w.org\/{rel}","templated":true}]}}