{"id":37103,"date":"2020-07-23T14:44:30","date_gmt":"2020-07-23T17:44:30","guid":{"rendered":"https:\/\/liriacutelaria.com.br\/?post_type=product&#038;p=37103"},"modified":"2022-02-14T11:15:45","modified_gmt":"2022-02-14T14:15:45","slug":"tesoura-para-costura-com-cabo-plastico-12-cushion-mundial","status":"publish","type":"product","link":"https:\/\/liriacutelaria.com.br\/?product=tesoura-para-costura-com-cabo-plastico-12-cushion-mundial","title":{"rendered":"Tesoura para Costura com Cabo Pl\u00e1stico 12&#8243; Cushion &#8211; Mundial"},"content":{"rendered":"<h4>Tesoura para Costura com Cabo Pl\u00e1stico 12&#8243; Cushion &#8211; Mundial<\/h4>\n<p>Novas Tesouras Mundial Cushion-Pro! A combina\u00e7\u00e3o perfeita de desempenho profissional e conforto incompar\u00e1vel! Com a\u00e7o mais fino e l\u00e2minas precisamente afiadas, as Tesouras Cushion-Pro foram projetadas para lidar com as aplica\u00e7\u00f5es mais pesadas, proporcionando, ao mesmo tempo, umf\u00e1cil manejo de suas al\u00e7as e garantindo que seus dedos se sentir\u00e3o confort\u00e1veis independente do uso. Tenha voc\u00ea que cortar por dez minutos ao dia, ou dez horas ao dia, prometemos que cada corte ser\u00e1 suave e que sua m\u00e3o continuar\u00e1 macia. Tesouras Mundial Cushion-Pro. As Tesouras de Sua Vida!<\/p>\n","protected":false},"excerpt":{"rendered":"<h4>Tesoura para Costura com Cabo Pl\u00e1stico 12&#8243; Cushion &#8211; Mundial<\/h4>\n","protected":false},"featured_media":37104,"comment_status":"closed","ping_status":"closed","template":"","meta":[],"_links":{"self":[{"href":"https:\/\/liriacutelaria.com.br\/index.php?rest_route=\/wp\/v2\/product\/37103"}],"collection":[{"href":"https:\/\/liriacutelaria.com.br\/index.php?rest_route=\/wp\/v2\/product"}],"about":[{"href":"https:\/\/liriacutelaria.com.br\/index.php?rest_route=\/wp\/v2\/types\/product"}],"replies":[{"embeddable":true,"href":"https:\/\/liriacutelaria.com.br\/index.php?rest_route=%2Fwp%2Fv2%2Fcomments&post=37103"}],"wp:featuredmedia":[{"embeddable":true,"href":"https:\/\/liriacutelaria.com.br\/index.php?rest_route=\/wp\/v2\/media\/37104"}],"wp:attachment":[{"href":"https:\/\/liriacutelaria.com.br\/index.php?rest_route=%2Fwp%2Fv2%2Fmedia&parent=37103"}],"curies":[{"name":"wp","href":"https:\/\/api.w.org\/{rel}","templated":true}]}}