{"id":37099,"date":"2020-07-23T14:35:22","date_gmt":"2020-07-23T17:35:22","guid":{"rendered":"https:\/\/liriacutelaria.com.br\/?post_type=product&#038;p=37099"},"modified":"2022-02-14T11:16:27","modified_gmt":"2022-02-14T14:16:27","slug":"tesoura-multiuso-inox-com-cabo-plastico-cortfacil-mundial","status":"publish","type":"product","link":"https:\/\/liriacutelaria.com.br\/?product=tesoura-multiuso-inox-com-cabo-plastico-cortfacil-mundial","title":{"rendered":"Tesoura Multiuso Inox com Cabo Pl\u00e1stico Cortfacil &#8211; Mundial"},"content":{"rendered":"<h4>Tesoura Multiuso Inox com Cabo Pl\u00e1stico Cortfacil &#8211; Mundial<\/h4>\n<h4>As tesouras Cortf\u00e1cil foram desenvolvidas para o uso dom\u00e9stico ou no escrit\u00f3rio. Desenhadas para diferentes tarefas, proporcionam suavidade e conforto em seu manejo.<\/h4>\n","protected":false},"excerpt":{"rendered":"<h4>Tesoura Multiuso Inox com Cabo Pl\u00e1stico Cortfacil &#8211; Mundial<\/h4>\n","protected":false},"featured_media":37100,"comment_status":"closed","ping_status":"closed","template":"","meta":[],"_links":{"self":[{"href":"https:\/\/liriacutelaria.com.br\/index.php?rest_route=\/wp\/v2\/product\/37099"}],"collection":[{"href":"https:\/\/liriacutelaria.com.br\/index.php?rest_route=\/wp\/v2\/product"}],"about":[{"href":"https:\/\/liriacutelaria.com.br\/index.php?rest_route=\/wp\/v2\/types\/product"}],"replies":[{"embeddable":true,"href":"https:\/\/liriacutelaria.com.br\/index.php?rest_route=%2Fwp%2Fv2%2Fcomments&post=37099"}],"wp:featuredmedia":[{"embeddable":true,"href":"https:\/\/liriacutelaria.com.br\/index.php?rest_route=\/wp\/v2\/media\/37100"}],"wp:attachment":[{"href":"https:\/\/liriacutelaria.com.br\/index.php?rest_route=%2Fwp%2Fv2%2Fmedia&parent=37099"}],"curies":[{"name":"wp","href":"https:\/\/api.w.org\/{rel}","templated":true}]}}