{"id":37093,"date":"2020-07-23T14:20:14","date_gmt":"2020-07-23T17:20:14","guid":{"rendered":"https:\/\/liriacutelaria.com.br\/?post_type=product&#038;p=37093"},"modified":"2022-02-14T11:17:00","modified_gmt":"2022-02-14T14:17:00","slug":"tesoura-forjada-escolar-bolso-11-cm","status":"publish","type":"product","link":"https:\/\/liriacutelaria.com.br\/?product=tesoura-forjada-escolar-bolso-11-cm","title":{"rendered":"Tesoura Forjada Escolar\/Bolso 11 cm"},"content":{"rendered":"<h4>Tesoura Forjada Escolar\/Bolso 11 cm<\/h4>\n<h4>\nAs tesouras escolares da mundial foram desenvolvidas para proporcionar conforto e seguran\u00e7a. Leves e confort\u00e1veis, s\u00e3o ideais para todos os tipos de atividades escolares, estimulando a criatividade das crian\u00e7as.<\/h4>\n","protected":false},"excerpt":{"rendered":"<h4>Tesoura Forjada Escolar\/Bolso 11 cm<\/h4>\n","protected":false},"featured_media":37094,"comment_status":"closed","ping_status":"closed","template":"","meta":[],"_links":{"self":[{"href":"https:\/\/liriacutelaria.com.br\/index.php?rest_route=\/wp\/v2\/product\/37093"}],"collection":[{"href":"https:\/\/liriacutelaria.com.br\/index.php?rest_route=\/wp\/v2\/product"}],"about":[{"href":"https:\/\/liriacutelaria.com.br\/index.php?rest_route=\/wp\/v2\/types\/product"}],"replies":[{"embeddable":true,"href":"https:\/\/liriacutelaria.com.br\/index.php?rest_route=%2Fwp%2Fv2%2Fcomments&post=37093"}],"wp:featuredmedia":[{"embeddable":true,"href":"https:\/\/liriacutelaria.com.br\/index.php?rest_route=\/wp\/v2\/media\/37094"}],"wp:attachment":[{"href":"https:\/\/liriacutelaria.com.br\/index.php?rest_route=%2Fwp%2Fv2%2Fmedia&parent=37093"}],"curies":[{"name":"wp","href":"https:\/\/api.w.org\/{rel}","templated":true}]}}