{"id":37085,"date":"2020-07-23T13:43:49","date_gmt":"2020-07-23T16:43:49","guid":{"rendered":"https:\/\/liriacutelaria.com.br\/?post_type=product&#038;p=37085"},"modified":"2022-02-14T11:19:00","modified_gmt":"2022-02-14T14:19:00","slug":"tesoura-inox-reforcada-para-costura-com-cabo-plastico-mundial","status":"publish","type":"product","link":"https:\/\/liriacutelaria.com.br\/?product=tesoura-inox-reforcada-para-costura-com-cabo-plastico-mundial","title":{"rendered":"Tesoura Inox Refor\u00e7ada para Costura com Cabo Pl\u00e1stico &#8211; Mundial"},"content":{"rendered":"<h4>Tesoura Inox Refor\u00e7ada para Costura com Cabo Pl\u00e1stico &#8211; Mundial<\/h4>\n<p>Reconhecida mundialmente, a linha Ponto Vermelho tem diversos modelos de tesouras para uso profissional, dom\u00e9stico e escolar. Com f\u00e1cil manuseio e muito confort\u00e1veis, possuem excepcional resist\u00eancia e durabilidade. Os cabos anat\u00f4micos encaixam perfeitamente nas m\u00e3os.<\/p>\n","protected":false},"excerpt":{"rendered":"<h4>Tesoura Inox Refor\u00e7ada para Costura com Cabo Pl\u00e1stico &#8211; Mundial<\/h4>\n","protected":false},"featured_media":37083,"comment_status":"closed","ping_status":"closed","template":"","meta":[],"_links":{"self":[{"href":"https:\/\/liriacutelaria.com.br\/index.php?rest_route=\/wp\/v2\/product\/37085"}],"collection":[{"href":"https:\/\/liriacutelaria.com.br\/index.php?rest_route=\/wp\/v2\/product"}],"about":[{"href":"https:\/\/liriacutelaria.com.br\/index.php?rest_route=\/wp\/v2\/types\/product"}],"replies":[{"embeddable":true,"href":"https:\/\/liriacutelaria.com.br\/index.php?rest_route=%2Fwp%2Fv2%2Fcomments&post=37085"}],"wp:featuredmedia":[{"embeddable":true,"href":"https:\/\/liriacutelaria.com.br\/index.php?rest_route=\/wp\/v2\/media\/37083"}],"wp:attachment":[{"href":"https:\/\/liriacutelaria.com.br\/index.php?rest_route=%2Fwp%2Fv2%2Fmedia&parent=37085"}],"curies":[{"name":"wp","href":"https:\/\/api.w.org\/{rel}","templated":true}]}}