{"id":37073,"date":"2020-07-23T12:33:00","date_gmt":"2020-07-23T15:33:00","guid":{"rendered":"https:\/\/liriacutelaria.com.br\/?post_type=product&#038;p=37073"},"modified":"2022-08-22T10:09:02","modified_gmt":"2022-08-22T13:09:02","slug":"moquequeira-de-barro-n-04","status":"publish","type":"product","link":"https:\/\/liriacutelaria.com.br\/?product=moquequeira-de-barro-n-04","title":{"rendered":"MOQUEQUEIRA DE BARRO N\u00b0 04"},"content":{"rendered":"<h1>Moquequeira de Barro N\u00b0 04<\/h1>\n<p>&nbsp;<\/p>\n<p>Moquequeira de Barro feita em argila em forno de alta temperatura.<\/p>\n<p>Moquequeira de Barro Capixaba &#8211;\u00a0 Guarapari Esprito Santo<\/p>\n<p>Ideal para o cozimento de moquecas e outros alimentos.<\/p>\n<p><strong>Cuidados:<\/strong><\/p>\n<p>&#8211; Pode ser levado ao fog\u00e3o e forno a g\u00e1s?- Sim<\/p>\n<p>&#8211; Pode ser levada ao fog\u00e3o e forno a lenha?- Sim<\/p>\n<p>&#8211; Pode ser levada \u00e0 m\u00e1quina de lava-lou\u00e7as?- N\u00e3o<\/p>\n<p>&#8211; Pode ser levada ao microondas?- N\u00e3o<\/p>\n<p>N\u00e3o acompanha Suporte (*Suporte Vendido separadamente)<\/p>\n","protected":false},"excerpt":{"rendered":"<h1>Moquequeira de Barro N\u00b0 04.<\/h1>\n","protected":false},"featured_media":37018,"comment_status":"closed","ping_status":"closed","template":"","meta":[],"_links":{"self":[{"href":"https:\/\/liriacutelaria.com.br\/index.php?rest_route=\/wp\/v2\/product\/37073"}],"collection":[{"href":"https:\/\/liriacutelaria.com.br\/index.php?rest_route=\/wp\/v2\/product"}],"about":[{"href":"https:\/\/liriacutelaria.com.br\/index.php?rest_route=\/wp\/v2\/types\/product"}],"replies":[{"embeddable":true,"href":"https:\/\/liriacutelaria.com.br\/index.php?rest_route=%2Fwp%2Fv2%2Fcomments&post=37073"}],"wp:featuredmedia":[{"embeddable":true,"href":"https:\/\/liriacutelaria.com.br\/index.php?rest_route=\/wp\/v2\/media\/37018"}],"wp:attachment":[{"href":"https:\/\/liriacutelaria.com.br\/index.php?rest_route=%2Fwp%2Fv2%2Fmedia&parent=37073"}],"curies":[{"name":"wp","href":"https:\/\/api.w.org\/{rel}","templated":true}]}}