{"id":37070,"date":"2020-07-23T12:28:14","date_gmt":"2020-07-23T15:28:14","guid":{"rendered":"https:\/\/liriacutelaria.com.br\/?post_type=product&#038;p=37070"},"modified":"2022-08-22T10:11:32","modified_gmt":"2022-08-22T13:11:32","slug":"caldeirao-de-barro-n-06-capacidade-6-0-litros","status":"publish","type":"product","link":"https:\/\/liriacutelaria.com.br\/?product=caldeirao-de-barro-n-06-capacidade-6-0-litros","title":{"rendered":"CALDEIR\u00c3O DE BARRO N\u00b0 06- CAPACIDADE 6.0 LITROS"},"content":{"rendered":"<h1>Caldeir\u00e3o de Barro N\u00b0 06 Capacidade 6.0 L<\/h1>\n<p>&nbsp;<\/p>\n<p>Caldeir\u00e3o de Barro feita em argila em forno de alta temperatura.<\/p>\n<p>Caldeir\u00e3o de Barro Capixaba &#8211;\u00a0 Guarapari Esprito Santo<\/p>\n<p>Ideal para o cozimento de moquecas, feijoada, arroz e outros alimentos.<\/p>\n<p><strong>Cuidados:<\/strong><\/p>\n<p>&#8211; Pode ser levado ao fog\u00e3o e forno a g\u00e1s?- Sim<\/p>\n<p>&#8211; Pode ser levada ao fog\u00e3o e forno a lenha?- Sim<\/p>\n<p>&#8211; Pode ser levada \u00e0 m\u00e1quina de lava-lou\u00e7as?- N\u00e3o<\/p>\n<p>&#8211; Pode ser levada ao microondas?- N\u00e3o<\/p>\n<p>N\u00e3o acompanha Suporte (*Suporte Vendido separadamente)<\/p>\n","protected":false},"excerpt":{"rendered":"<h1>Caldeir\u00e3o de Barro N\u00b0 06 Capacidade 6.0 litros.<\/h1>\n","protected":false},"featured_media":37022,"comment_status":"closed","ping_status":"closed","template":"","meta":[],"_links":{"self":[{"href":"https:\/\/liriacutelaria.com.br\/index.php?rest_route=\/wp\/v2\/product\/37070"}],"collection":[{"href":"https:\/\/liriacutelaria.com.br\/index.php?rest_route=\/wp\/v2\/product"}],"about":[{"href":"https:\/\/liriacutelaria.com.br\/index.php?rest_route=\/wp\/v2\/types\/product"}],"replies":[{"embeddable":true,"href":"https:\/\/liriacutelaria.com.br\/index.php?rest_route=%2Fwp%2Fv2%2Fcomments&post=37070"}],"wp:featuredmedia":[{"embeddable":true,"href":"https:\/\/liriacutelaria.com.br\/index.php?rest_route=\/wp\/v2\/media\/37022"}],"wp:attachment":[{"href":"https:\/\/liriacutelaria.com.br\/index.php?rest_route=%2Fwp%2Fv2%2Fmedia&parent=37070"}],"curies":[{"name":"wp","href":"https:\/\/api.w.org\/{rel}","templated":true}]}}