{"id":37062,"date":"2020-07-23T11:38:09","date_gmt":"2020-07-23T14:38:09","guid":{"rendered":"https:\/\/liriacutelaria.com.br\/?post_type=product&#038;p=37062"},"modified":"2022-08-22T10:26:26","modified_gmt":"2022-08-22T13:26:26","slug":"travessa-oval-grande","status":"publish","type":"product","link":"https:\/\/liriacutelaria.com.br\/?product=travessa-oval-grande","title":{"rendered":"TRAVESSA OVAL GRANDE"},"content":{"rendered":"<h1>Travessa Oval Grande<\/h1>\n<p>&nbsp;<\/p>\n<p>Travessa Oval feita em argila em forno de alta temperatura.<\/p>\n<p>Travessa Oval de Barro Capixaba &#8211;\u00a0 Guarapari &#8211; ES.<\/p>\n<p><strong>Cuidados:<\/strong><\/p>\n<p>&#8211; Pode ser levado ao fog\u00e3o e forno a g\u00e1s?- Sim<\/p>\n<p>&#8211; Pode ser levada ao fog\u00e3o e forno a lenha?- Sim<\/p>\n<p>&#8211; Pode ser levada \u00e0 m\u00e1quina de lava-lou\u00e7as?- N\u00e3o<\/p>\n<p>&#8211; Pode ser levada ao microondas?- N\u00e3o<\/p>\n<p>N\u00e3o acompanha Suporte (*Suporte Vendido separadamente)<\/p>\n","protected":false},"excerpt":{"rendered":"<h1>Travessa Oval Grande.<\/h1>\n<p>&nbsp;<\/p>\n","protected":false},"featured_media":37060,"comment_status":"closed","ping_status":"closed","template":"","meta":[],"_links":{"self":[{"href":"https:\/\/liriacutelaria.com.br\/index.php?rest_route=\/wp\/v2\/product\/37062"}],"collection":[{"href":"https:\/\/liriacutelaria.com.br\/index.php?rest_route=\/wp\/v2\/product"}],"about":[{"href":"https:\/\/liriacutelaria.com.br\/index.php?rest_route=\/wp\/v2\/types\/product"}],"replies":[{"embeddable":true,"href":"https:\/\/liriacutelaria.com.br\/index.php?rest_route=%2Fwp%2Fv2%2Fcomments&post=37062"}],"wp:featuredmedia":[{"embeddable":true,"href":"https:\/\/liriacutelaria.com.br\/index.php?rest_route=\/wp\/v2\/media\/37060"}],"wp:attachment":[{"href":"https:\/\/liriacutelaria.com.br\/index.php?rest_route=%2Fwp%2Fv2%2Fmedia&parent=37062"}],"curies":[{"name":"wp","href":"https:\/\/api.w.org\/{rel}","templated":true}]}}