{"id":37058,"date":"2020-07-23T11:18:39","date_gmt":"2020-07-23T14:18:39","guid":{"rendered":"https:\/\/liriacutelaria.com.br\/?post_type=product&#038;p=37058"},"modified":"2022-08-22T10:23:49","modified_gmt":"2022-08-22T13:23:49","slug":"panela-de-barro-n-08-capacidade-10-litros","status":"publish","type":"product","link":"https:\/\/liriacutelaria.com.br\/?product=panela-de-barro-n-08-capacidade-10-litros","title":{"rendered":"Panela de Barro N\u00b0 08 Capacidade 10 litros"},"content":{"rendered":"<h1>Panela de Barro N\u00b0 08 Capacidade 10 L<\/h1>\n<p>&nbsp;<\/p>\n<p>Panela de Barro feita em argila em forno de alta temperatura.<\/p>\n<p>Panela de Barro Capixaba &#8211;\u00a0 Guarapari &#8211; ES.<\/p>\n<p>Ideal para o cozimento de moquecas, feijoada, arroz e outros alimentos.<\/p>\n<p><strong>Cuidados:<\/strong><\/p>\n<p>&#8211; Pode ser levado ao fog\u00e3o e forno a g\u00e1s?- Sim<\/p>\n<p>&#8211; Pode ser levada ao fog\u00e3o e forno a lenha?- Sim<\/p>\n<p>&#8211; Pode ser levada \u00e0 m\u00e1quina de lava-lou\u00e7as?- N\u00e3o<\/p>\n<p>&#8211; Pode ser levada ao microondas?- N\u00e3o<\/p>\n<p>N\u00e3o acompanha Suporte (*Suporte Vendido separadamente)<\/p>\n","protected":false},"excerpt":{"rendered":"<h1>Panela de Barro N\u00b0 08 Capacidade 10 L<\/h1>\n<p>&nbsp;<\/p>\n","protected":false},"featured_media":37020,"comment_status":"closed","ping_status":"closed","template":"","meta":[],"_links":{"self":[{"href":"https:\/\/liriacutelaria.com.br\/index.php?rest_route=\/wp\/v2\/product\/37058"}],"collection":[{"href":"https:\/\/liriacutelaria.com.br\/index.php?rest_route=\/wp\/v2\/product"}],"about":[{"href":"https:\/\/liriacutelaria.com.br\/index.php?rest_route=\/wp\/v2\/types\/product"}],"replies":[{"embeddable":true,"href":"https:\/\/liriacutelaria.com.br\/index.php?rest_route=%2Fwp%2Fv2%2Fcomments&post=37058"}],"wp:featuredmedia":[{"embeddable":true,"href":"https:\/\/liriacutelaria.com.br\/index.php?rest_route=\/wp\/v2\/media\/37020"}],"wp:attachment":[{"href":"https:\/\/liriacutelaria.com.br\/index.php?rest_route=%2Fwp%2Fv2%2Fmedia&parent=37058"}],"curies":[{"name":"wp","href":"https:\/\/api.w.org\/{rel}","templated":true}]}}