{"id":79,"date":"2013-08-08T11:47:13","date_gmt":"2013-08-08T08:47:13","guid":{"rendered":"http:\/\/presscore.dream-demo.com\/dummy\/?page_id=79"},"modified":"2020-08-13T07:48:48","modified_gmt":"2020-08-13T10:48:48","slug":"blog","status":"publish","type":"page","link":"https:\/\/liriacutelaria.com.br\/?page_id=79","title":{"rendered":"Blog"},"content":{"rendered":"<p>[vc_row type=&#8221;vc_default&#8221; css=&#8221;.vc_custom_1491994948637{padding-top: 50px !important;padding-bottom: 70px !important;}&#8221;][vc_column]<style type=\"text\/css\" data-type=\"the7_shortcodes-inline-css\">.blog-shortcode.blog-list-shortcode-id-a64dfe666f458bd3da49ffb3b2fffcca.bottom-overlap-layout-list .post-entry-content {\n  margin-top: -110px;\n  width: 60%;\n}\n.blog-shortcode.blog-list-shortcode-id-a64dfe666f458bd3da49ffb3b2fffcca.bottom-overlap-layout-list:not(.mode-list) .no-img .post-entry-content {\n  margin-top: 0;\n  width: 100%;\n}\n.blog-shortcode.blog-list-shortcode-id-a64dfe666f458bd3da49ffb3b2fffcca.bottom-overlap-layout-list.mode-list .no-img .post-entry-content {\n  margin-top: 0;\n}\n.blog-shortcode.blog-list-shortcode-id-a64dfe666f458bd3da49ffb3b2fffcca .filter-bg-decoration .filter-categories a.act {\n  color: #fff;\n}\n.blog-shortcode.blog-list-shortcode-id-a64dfe666f458bd3da49ffb3b2fffcca:not(.mode-masonry) article {\n  margin-top: 40px;\n}\n.blog-shortcode.blog-list-shortcode-id-a64dfe666f458bd3da49ffb3b2fffcca:not(.mode-masonry) article:first-of-type,\n.blog-shortcode.blog-list-shortcode-id-a64dfe666f458bd3da49ffb3b2fffcca:not(.mode-masonry) article.visible.first:not(.product) {\n  margin-top: 0;\n}\n.blog-shortcode.blog-list-shortcode-id-a64dfe666f458bd3da49ffb3b2fffcca.dividers-on:not(.mode-masonry) article {\n  margin-top: 0;\n  padding-top: 40px;\n}\n.blog-shortcode.blog-list-shortcode-id-a64dfe666f458bd3da49ffb3b2fffcca.dividers-on:not(.mode-masonry) article:first-of-type,\n.blog-shortcode.blog-list-shortcode-id-a64dfe666f458bd3da49ffb3b2fffcca.dividers-on:not(.mode-masonry) article.visible.first:not(.product) {\n  margin-top: 0;\n  padding-top: 0;\n}\n.blog-shortcode.blog-list-shortcode-id-a64dfe666f458bd3da49ffb3b2fffcca .post-thumbnail-wrap {\n  padding: 0px 0px 0px 0px;\n}\n.blog-shortcode.blog-list-shortcode-id-a64dfe666f458bd3da49ffb3b2fffcca.enable-bg-rollover .post-thumbnail-rollover:after {\n  background: ;\n  background: -webkit-linear-gradient();\n  background: linear-gradient();\n}\n.blog-shortcode.blog-list-shortcode-id-a64dfe666f458bd3da49ffb3b2fffcca .gallery-zoom-ico {\n  width: 44px;\n  height: 44px;\n  line-height: 44px;\n  border-radius: 100px;\n  margin: -22px 0 0 -22px;\n  border-width: 0px;\n  color: #ffffff;\n}\n.bottom-overlap-layout-list.blog-shortcode.blog-list-shortcode-id-a64dfe666f458bd3da49ffb3b2fffcca .gallery-zoom-ico {\n  margin-top: -77px;\n}\n.gradient-overlay-layout-list.blog-shortcode.blog-list-shortcode-id-a64dfe666f458bd3da49ffb3b2fffcca .gallery-zoom-ico,\n.content-rollover-layout-list.blog-shortcode.blog-list-shortcode-id-a64dfe666f458bd3da49ffb3b2fffcca .gallery-zoom-ico {\n  margin: 0 0 10px;\n}\n.content-align-center.gradient-overlay-layout-list.blog-shortcode.blog-list-shortcode-id-a64dfe666f458bd3da49ffb3b2fffcca .gallery-zoom-ico,\n.content-align-center.content-rollover-layout-list.blog-shortcode.blog-list-shortcode-id-a64dfe666f458bd3da49ffb3b2fffcca .gallery-zoom-ico {\n  margin: 0 auto 10px;\n}\n.dt-icon-bg-on.blog-shortcode.blog-list-shortcode-id-a64dfe666f458bd3da49ffb3b2fffcca .gallery-zoom-ico {\n  background: rgba(255,255,255,0.3);\n  box-shadow: none;\n}\n.blog-shortcode.blog-list-shortcode-id-a64dfe666f458bd3da49ffb3b2fffcca .gallery-zoom-ico > span,\n.blog-shortcode.blog-list-shortcode-id-a64dfe666f458bd3da49ffb3b2fffcca .gallery-zoom-ico:before {\n  font-size: 32px;\n  line-height: 44px;\n}\n.blog-shortcode.blog-list-shortcode-id-a64dfe666f458bd3da49ffb3b2fffcca .gallery-zoom-ico > span,\n.blog-shortcode.blog-list-shortcode-id-a64dfe666f458bd3da49ffb3b2fffcca .gallery-zoom-ico:before {\n  color: #ffffff;\n}\n.blog-shortcode.blog-list-shortcode-id-a64dfe666f458bd3da49ffb3b2fffcca .fancy-date a {\n  background: #ffffff;\n  box-shadow: none;\n}\n.blog-shortcode.blog-list-shortcode-id-a64dfe666f458bd3da49ffb3b2fffcca .fancy-date a * {\n  color: #2d2d2d;\n}\n.blog-shortcode.blog-list-shortcode-id-a64dfe666f458bd3da49ffb3b2fffcca .entry-title,\n.blog-shortcode.blog-list-shortcode-id-a64dfe666f458bd3da49ffb3b2fffcca.owl-carousel .entry-title {\n  margin-bottom: 5px;\n  font-size: 28px;\n  line-height: 38px;\n  font-weight: bold;\n}\n.blog-shortcode.blog-list-shortcode-id-a64dfe666f458bd3da49ffb3b2fffcca .entry-meta {\n  margin-bottom: 20px;\n}\n.blog-shortcode.blog-list-shortcode-id-a64dfe666f458bd3da49ffb3b2fffcca .portfolio-categories {\n  margin-bottom: 20px;\n}\n.blog-shortcode.blog-list-shortcode-id-a64dfe666f458bd3da49ffb3b2fffcca .entry-excerpt {\n  margin-bottom: 15px;\n  font-size: 15px;\n  line-height: 27px;\n}\n.blog-shortcode.blog-list-shortcode-id-a64dfe666f458bd3da49ffb3b2fffcca:not(.centered-layout-list) .post-entry-content {\n  padding: 25px 30px 30px 30px;\n}\n.blog-shortcode.blog-list-shortcode-id-a64dfe666f458bd3da49ffb3b2fffcca:not(.centered-layout-list):not(.content-bg-on):not(.mode-list) .no-img .post-entry-content {\n  padding: 0;\n}\n.blog-shortcode.blog-list-shortcode-id-a64dfe666f458bd3da49ffb3b2fffcca.content-bg-on:not(.classic-layout-list):not(.centered-layout-list) .post-entry-content {\n  background: #ffffff;\n  box-shadow: none;\n}\n@media screen and (max-width: 778px) {\n  .blog-shortcode.blog-list-shortcode-id-a64dfe666f458bd3da49ffb3b2fffcca article {\n    -ms-flex-flow: column nowrap;\n    flex-flow: column nowrap;\n    margin-top: 20px;\n  }\n  .blog-shortcode.blog-list-shortcode-id-a64dfe666f458bd3da49ffb3b2fffcca.dividers-on article {\n    border: none;\n  }\n  .blog-shortcode.blog-list-shortcode-id-a64dfe666f458bd3da49ffb3b2fffcca.content-bg-on.centered-layout-list article {\n    padding: 0;\n  }\n  .blog-shortcode.blog-list-shortcode-id-a64dfe666f458bd3da49ffb3b2fffcca.blog-shortcode.dividers-on article,\n  .blog-shortcode.blog-list-shortcode-id-a64dfe666f458bd3da49ffb3b2fffcca.dividers-on.classic-layout-list article {\n    margin-top: 20px;\n    padding: 0;\n  }\n  .blog-shortcode.blog-list-shortcode-id-a64dfe666f458bd3da49ffb3b2fffcca.blog-shortcode.dividers-on article:first-of-type,\n  .blog-shortcode.blog-list-shortcode-id-a64dfe666f458bd3da49ffb3b2fffcca.dividers-on.classic-layout-list article:first-of-type {\n    padding: 0;\n  }\n  #page .blog-shortcode.blog-list-shortcode-id-a64dfe666f458bd3da49ffb3b2fffcca .post-thumbnail-wrap,\n  #page .blog-shortcode.blog-list-shortcode-id-a64dfe666f458bd3da49ffb3b2fffcca .post-entry-content {\n    width: 100%;\n    margin: 0;\n    top: 0;\n  }\n  #page .blog-shortcode.blog-list-shortcode-id-a64dfe666f458bd3da49ffb3b2fffcca .post-thumbnail-wrap {\n    padding: 0;\n  }\n  #page .blog-shortcode.blog-list-shortcode-id-a64dfe666f458bd3da49ffb3b2fffcca .post-entry-content:after {\n    display: none;\n  }\n  #page .blog-shortcode.blog-list-shortcode-id-a64dfe666f458bd3da49ffb3b2fffcca .project-even .post-thumbnail-wrap,\n  #page .blog-shortcode.blog-list-shortcode-id-a64dfe666f458bd3da49ffb3b2fffcca.centered-layout-list .post-thumbnail-wrap {\n    -ms-flex-order: 0;\n    order: 0;\n  }\n  #page .blog-shortcode.blog-list-shortcode-id-a64dfe666f458bd3da49ffb3b2fffcca.centered-layout-list .post-entry-title-content {\n    -ms-flex-order: 1;\n    order: 1;\n    width: 100%;\n    padding: 20px 20px 0;\n  }\n  #page .blog-shortcode.blog-list-shortcode-id-a64dfe666f458bd3da49ffb3b2fffcca.centered-layout-list .post-entry-content {\n    -ms-flex-order: 2;\n    order: 2;\n    padding-top: 0;\n  }\n  #page .blog-shortcode.blog-list-shortcode-id-a64dfe666f458bd3da49ffb3b2fffcca .fancy-categories {\n    top: 10px;\n    left: 10px;\n    bottom: auto;\n    right: auto;\n  }\n  #page .blog-shortcode.blog-list-shortcode-id-a64dfe666f458bd3da49ffb3b2fffcca .fancy-date a {\n    top: 10px;\n    right: 10px;\n    left: auto;\n    bottom: auto;\n  }\n  #page .blog-shortcode.blog-list-shortcode-id-a64dfe666f458bd3da49ffb3b2fffcca .post-entry-content {\n    padding: 20px;\n  }\n  #page .blog-shortcode.blog-list-shortcode-id-a64dfe666f458bd3da49ffb3b2fffcca .entry-title {\n    margin: 3px 0 5px;\n    font-size: 20px;\n    line-height: 26px;\n  }\n  #page .blog-shortcode.blog-list-shortcode-id-a64dfe666f458bd3da49ffb3b2fffcca .entry-meta {\n    margin: 5px 0 5px;\n  }\n  #page .blog-shortcode.blog-list-shortcode-id-a64dfe666f458bd3da49ffb3b2fffcca .entry-excerpt {\n    margin: 15px 0 0;\n  }\n  #page .blog-shortcode.blog-list-shortcode-id-a64dfe666f458bd3da49ffb3b2fffcca .post-details {\n    margin: 5px 0 10px;\n  }\n  #page .blog-shortcode.blog-list-shortcode-id-a64dfe666f458bd3da49ffb3b2fffcca .post-details.details-type-link {\n    margin-bottom: 2px;\n  }\n}\n<\/style><div class=\"articles-list blog-shortcode mode-list blog-list-shortcode-id-a64dfe666f458bd3da49ffb3b2fffcca bottom-overlap-layout-list content-bg-on jquery-filter scale-img dt-icon-bg-off circle-fancy-style loading-effect-fade-in\" data-cur-page=\"1\" data-post-limit=\"5\" data-pagination-mode=\"pages\"><div class=\"filter\"><div class=\"filter-extras\"><div class=\"filter-by\"><a href=\"https:\/\/liriacutelaria.com.br\/?page_id=79&#038;orderby=date&#038;order=desc\" class=\"sort-by-date act\" data-by=\"date\"><i class=\"dt-icon-the7-sort-02\"><\/i><span class=\"filter-popup\">Classificar por data<\/span><\/a><span class=\"filter-switch\"><\/span><a href=\"https:\/\/liriacutelaria.com.br\/?page_id=79&#038;orderby=name&#038;order=desc\" class=\"sort-by-name\" data-by=\"name\"><i class=\"dt-icon-the7-sort-03\" aria-hidden=\"true\"><\/i><span class=\"filter-popup\">Classificar por nome<\/span><\/a><\/div><div class=\"filter-sorting\"><a href=\"https:\/\/liriacutelaria.com.br\/?page_id=79&#038;orderby=date&#038;order=DESC\" class=\"sort-by-desc act\" data-sort=\"desc\"><i class=\"dt-icon-the7-sort-00\" aria-hidden=\"true\"><\/i><span class=\"filter-popup\">Descendente<\/span><\/a><span class=\"filter-switch\"><\/span><a href=\"https:\/\/liriacutelaria.com.br\/?page_id=79&#038;orderby=date&#038;order=ASC\" class=\"sort-by-asc\" data-sort=\"asc\"><i class=\"dt-icon-the7-sort-01\" aria-hidden=\"true\"><\/i><span class=\"filter-popup\">Ascendente<\/span><\/a><\/div><\/div><\/div><article class=\"post project-odd visible no-img post-37604 type-post status-publish format-standard hentry category-panelas category-1 description-off\" data-name=\"\" data-date=\"2022-11-21T13:27:18-03:00\">\n\n<div class=\"post-entry-content\">\n\n\t<h3 class=\"entry-title\">\n\t\t<a href=\"https:\/\/liriacutelaria.com.br\/?p=37604\" title=\"\" rel=\"bookmark\"><\/a>\n\t<\/h3>\n\n\t<div class=\"entry-meta\"><span class=\"category-link\"><a href=\"https:\/\/liriacutelaria.com.br\/?cat=1\" rel=\"category\">Panelas<\/a><\/span><a class=\"author vcard\" href=\"https:\/\/liriacutelaria.com.br\/?author=3\" title=\"Ver todos as postagens de Edin\u00e9ia\" rel=\"author\">Por <span class=\"fn\">Edin\u00e9ia<\/span><\/a><a href=\"https:\/\/liriacutelaria.com.br\/?m=20221121\" title=\"13:27\" class=\"data-link\" rel=\"bookmark\"><time class=\"entry-date updated\" datetime=\"2022-11-21T13:27:18-03:00\">21 de novembro de 2022<\/time><\/a><a href=\"https:\/\/liriacutelaria.com.br\/?p=37604#respond\" class=\"comment-link\" >Deixe um coment\u00e1rio<\/a><\/div>\n\t<div class=\"entry-excerpt\"><\/div>\n\t<a href=\"https:\/\/liriacutelaria.com.br\/?p=37604\" class=\"dt-btn-s dt-btn post-details details-type-btn\" rel=\"nofollow\">Read article<i class=\"dt-icon-the7-arrow-03\" aria-hidden=\"true\"><\/i><\/a>\n<\/div><\/article><article class=\"post project-odd visible no-img post-37602 type-post status-publish format-standard hentry category-panelas category-1 description-off\" data-name=\"\" data-date=\"2022-11-21T11:59:54-03:00\">\n\n<div class=\"post-entry-content\">\n\n\t<h3 class=\"entry-title\">\n\t\t<a href=\"https:\/\/liriacutelaria.com.br\/?p=37602\" title=\"\" rel=\"bookmark\"><\/a>\n\t<\/h3>\n\n\t<div class=\"entry-meta\"><span class=\"category-link\"><a href=\"https:\/\/liriacutelaria.com.br\/?cat=1\" rel=\"category\">Panelas<\/a><\/span><a class=\"author vcard\" href=\"https:\/\/liriacutelaria.com.br\/?author=3\" title=\"Ver todos as postagens de Edin\u00e9ia\" rel=\"author\">Por <span class=\"fn\">Edin\u00e9ia<\/span><\/a><a href=\"https:\/\/liriacutelaria.com.br\/?m=20221121\" title=\"11:59\" class=\"data-link\" rel=\"bookmark\"><time class=\"entry-date updated\" datetime=\"2022-11-21T11:59:54-03:00\">21 de novembro de 2022<\/time><\/a><a href=\"https:\/\/liriacutelaria.com.br\/?p=37602#respond\" class=\"comment-link\" >Deixe um coment\u00e1rio<\/a><\/div>\n\t<div class=\"entry-excerpt\"><\/div>\n\t<a href=\"https:\/\/liriacutelaria.com.br\/?p=37602\" class=\"dt-btn-s dt-btn post-details details-type-btn\" rel=\"nofollow\">Read article<i class=\"dt-icon-the7-arrow-03\" aria-hidden=\"true\"><\/i><\/a>\n<\/div><\/article><article class=\"post project-odd visible post-37301 type-post status-publish format-standard has-post-thumbnail hentry category-panelas category-1 description-off\" data-name=\"CURA DA PANELA DE BARRO\" data-date=\"2020-08-13T07:45:31-03:00\">\n\n<div class=\"post-thumbnail-wrap\">\n\t<div class=\"post-thumbnail\">\n\n\t\t\n\t\t<span class=\"fancy-categories\"><a href=\"https:\/\/liriacutelaria.com.br\/?cat=1\" rel=\"category tag\" style=\"background-color:#;color:#;\">Panelas<\/a><\/span>\n\t\t<a href=\"https:\/\/liriacutelaria.com.br\/?p=37301\" class=\"post-thumbnail-rollover layzr-bg layzr-bg\" ><img loading=\"lazy\" decoding=\"async\" class=\"blog-thumb-lazy-load preload-me lazy-load\" src=\"data:image\/svg+xml,%3Csvg%20xmlns%3D&#39;http%3A%2F%2Fwww.w3.org%2F2000%2Fsvg&#39;%20viewBox%3D&#39;0%200%20225%20149&#39;%2F%3E\" data-src=\"https:\/\/liriacutelaria.com.br\/wp-content\/uploads\/2016\/09\/download-15-225x149.jpg\" data-srcset=\"https:\/\/liriacutelaria.com.br\/wp-content\/uploads\/2016\/09\/download-15-225x149.jpg 225w\" alt=\"\" title=\"download (15)\" width=\"225\" height=\"149\"  \/><\/a>\n\t<\/div>\n<\/div>\n\n\n<div class=\"post-entry-content\">\n\n\t<h3 class=\"entry-title\">\n\t\t<a href=\"https:\/\/liriacutelaria.com.br\/?p=37301\" title=\"CURA DA PANELA DE BARRO\" rel=\"bookmark\">CURA DA PANELA DE BARRO<\/a>\n\t<\/h3>\n\n\t<div class=\"entry-meta\"><span class=\"category-link\"><a href=\"https:\/\/liriacutelaria.com.br\/?cat=1\" rel=\"category\">Panelas<\/a><\/span><a class=\"author vcard\" href=\"https:\/\/liriacutelaria.com.br\/?author=1\" title=\"Ver todos as postagens de admin\" rel=\"author\">Por <span class=\"fn\">admin<\/span><\/a><a href=\"https:\/\/liriacutelaria.com.br\/?m=20200813\" title=\"07:45\" class=\"data-link\" rel=\"bookmark\"><time class=\"entry-date updated\" datetime=\"2020-08-13T07:45:31-03:00\">13 de agosto de 2020<\/time><\/a><a href=\"https:\/\/liriacutelaria.com.br\/?p=37301#respond\" class=\"comment-link\" >Deixe um coment\u00e1rio<\/a><\/div>\n\t<div class=\"entry-excerpt\"><p>Passe azeite limpo dentro da panela e da tampa, espalhando por toda a superf\u00edcie interna. Deixe o barro sugar o \u00f3leo. Repita a opera\u00e7\u00e3o por 3x e por fim coloque \u00e1gua at\u00e9 a borda e leve ao fogo baixo deixando ferver. Pronto! Est\u00e1 pronta para o uso!<\/p>\n<\/div>\n\t<a href=\"https:\/\/liriacutelaria.com.br\/?p=37301\" class=\"dt-btn-s dt-btn post-details details-type-btn\" rel=\"nofollow\">Read article<i class=\"dt-icon-the7-arrow-03\" aria-hidden=\"true\"><\/i><\/a>\n<\/div><\/article><article class=\"post project-odd visible post-37299 type-post status-publish format-standard has-post-thumbnail hentry category-panelas category-1 description-off\" data-name=\"CURA DA PANELA DE PEDRA\" data-date=\"2020-08-13T07:40:36-03:00\">\n\n<div class=\"post-thumbnail-wrap\">\n\t<div class=\"post-thumbnail\">\n\n\t\t\n\t\t<span class=\"fancy-categories\"><a href=\"https:\/\/liriacutelaria.com.br\/?cat=1\" rel=\"category tag\" style=\"background-color:#;color:#;\">Panelas<\/a><\/span>\n\t\t<a href=\"https:\/\/liriacutelaria.com.br\/?p=37299\" class=\"post-thumbnail-rollover layzr-bg layzr-bg\" ><img loading=\"lazy\" decoding=\"async\" class=\"blog-thumb-lazy-load preload-me lazy-load\" src=\"data:image\/svg+xml,%3Csvg%20xmlns%3D&#39;http%3A%2F%2Fwww.w3.org%2F2000%2Fsvg&#39;%20viewBox%3D&#39;0%200%20225%20149&#39;%2F%3E\" data-src=\"https:\/\/liriacutelaria.com.br\/wp-content\/uploads\/2020\/07\/6-225x149.jpg\" data-srcset=\"https:\/\/liriacutelaria.com.br\/wp-content\/uploads\/2020\/07\/6-225x149.jpg 225w\" alt=\"\" title=\"6\" width=\"225\" height=\"149\"  \/><\/a>\n\t<\/div>\n<\/div>\n\n\n<div class=\"post-entry-content\">\n\n\t<h3 class=\"entry-title\">\n\t\t<a href=\"https:\/\/liriacutelaria.com.br\/?p=37299\" title=\"CURA DA PANELA DE PEDRA\" rel=\"bookmark\">CURA DA PANELA DE PEDRA<\/a>\n\t<\/h3>\n\n\t<div class=\"entry-meta\"><span class=\"category-link\"><a href=\"https:\/\/liriacutelaria.com.br\/?cat=1\" rel=\"category\">Panelas<\/a><\/span><a class=\"author vcard\" href=\"https:\/\/liriacutelaria.com.br\/?author=1\" title=\"Ver todos as postagens de admin\" rel=\"author\">Por <span class=\"fn\">admin<\/span><\/a><a href=\"https:\/\/liriacutelaria.com.br\/?m=20200813\" title=\"07:40\" class=\"data-link\" rel=\"bookmark\"><time class=\"entry-date updated\" datetime=\"2020-08-13T07:40:36-03:00\">13 de agosto de 2020<\/time><\/a><a href=\"https:\/\/liriacutelaria.com.br\/?p=37299#respond\" class=\"comment-link\" >Deixe um coment\u00e1rio<\/a><\/div>\n\t<div class=\"entry-excerpt\"><p>MODO DE CURA Untar com \u00f3leo de cozinha toda a panela por dentro e por forra. Ela ficar\u00e1 escura assim que passar o \u00f3leo. Esperar descansar por 30 minutos e em seguida encher com \u00e1gua morna e levar ao forno 180\u00ba, deixando ferve por 30 minutos. Depois desligar o forno e deixar a panela esfriar&hellip;<\/p>\n<\/div>\n\t<a href=\"https:\/\/liriacutelaria.com.br\/?p=37299\" class=\"dt-btn-s dt-btn post-details details-type-btn\" rel=\"nofollow\">Read article<i class=\"dt-icon-the7-arrow-03\" aria-hidden=\"true\"><\/i><\/a>\n<\/div><\/article><div class=\"paginator\" role=\"navigation\"><\/div><\/div>[\/vc_column][\/vc_row]<\/p>\n","protected":false},"excerpt":{"rendered":"<p>[vc_row type=&#8221;vc_default&#8221; css=&#8221;.vc_custom_1491994948637{padding-top: 50px !important;padding-bottom: 70px !important;}&#8221;][vc_column][\/vc_column][\/vc_row]<\/p>\n","protected":false},"author":1,"featured_media":0,"parent":0,"menu_order":990,"comment_status":"closed","ping_status":"closed","template":"","meta":{"footnotes":""},"_links":{"self":[{"href":"https:\/\/liriacutelaria.com.br\/index.php?rest_route=\/wp\/v2\/pages\/79"}],"collection":[{"href":"https:\/\/liriacutelaria.com.br\/index.php?rest_route=\/wp\/v2\/pages"}],"about":[{"href":"https:\/\/liriacutelaria.com.br\/index.php?rest_route=\/wp\/v2\/types\/page"}],"author":[{"embeddable":true,"href":"https:\/\/liriacutelaria.com.br\/index.php?rest_route=\/wp\/v2\/users\/1"}],"replies":[{"embeddable":true,"href":"https:\/\/liriacutelaria.com.br\/index.php?rest_route=%2Fwp%2Fv2%2Fcomments&post=79"}],"version-history":[{"count":2,"href":"https:\/\/liriacutelaria.com.br\/index.php?rest_route=\/wp\/v2\/pages\/79\/revisions"}],"predecessor-version":[{"id":37304,"href":"https:\/\/liriacutelaria.com.br\/index.php?rest_route=\/wp\/v2\/pages\/79\/revisions\/37304"}],"wp:attachment":[{"href":"https:\/\/liriacutelaria.com.br\/index.php?rest_route=%2Fwp%2Fv2%2Fmedia&parent=79"}],"curies":[{"name":"wp","href":"https:\/\/api.w.org\/{rel}","templated":true}]}}