{"id":27915,"date":"2014-09-16T18:02:00","date_gmt":"2014-09-16T21:02:00","guid":{"rendered":"http:\/\/the7.dream-demo.com\/?page_id=27915"},"modified":"2020-07-14T08:15:17","modified_gmt":"2020-07-14T11:15:17","slug":"rastrear-pedido","status":"publish","type":"page","link":"https:\/\/liriacutelaria.com.br\/?page_id=27915","title":{"rendered":"Rastrear Pedido"},"content":{"rendered":"<p>[vc_row][vc_column]<div class=\"woocommerce\">\n<form action=\"https:\/\/liriacutelaria.com.br\/?page_id=27915\" method=\"post\" class=\"woocommerce-form woocommerce-form-track-order track_order\">\n\n\t<p>Para acompanhar o seu pedido, digite o ID do pedido na caixa abaixo e pressione o bot\u00e3o &quot;Rastrear&quot;. O ID do pedido foi informado em sua fatura e est\u00e1 no e-mail de confirma\u00e7\u00e3o que voc\u00ea deve ter recebido.<\/p>\n\n\t<p class=\"form-row form-row-first\"><label for=\"orderid\">ID do pedido<\/label> <input class=\"input-text\" type=\"text\" name=\"orderid\" id=\"orderid\" value=\"\" placeholder=\"Encontrado no seu e-mail de confirma\u00e7\u00e3o do pedido.\" \/><\/p>\t<p class=\"form-row form-row-last\"><label for=\"order_email\">E-mail de faturamento<\/label> <input class=\"input-text\" type=\"text\" name=\"order_email\" id=\"order_email\" value=\"\" placeholder=\"E-mail utilizado durante a finaliza\u00e7\u00e3o do pedido.\" \/><\/p>\t<div class=\"clear\"><\/div>\n\n\t<p class=\"form-row\"><button type=\"submit\" class=\"button\" name=\"track\" value=\"Rastrear\">Rastrear<\/button><\/p>\n\t<input type=\"hidden\" id=\"woocommerce-order-tracking-nonce\" name=\"woocommerce-order-tracking-nonce\" value=\"60157c0935\" \/><input type=\"hidden\" name=\"_wp_http_referer\" value=\"\/index.php?rest_route=%2Fwp%2Fv2%2Fpages%2F27915\" \/>\n<\/form>\n<\/div>[\/vc_column][\/vc_row]<\/p>\n","protected":false},"excerpt":{"rendered":"<p>[vc_row][vc_column][\/vc_column][\/vc_row]<\/p>\n","protected":false},"author":1,"featured_media":0,"parent":0,"menu_order":200,"comment_status":"closed","ping_status":"closed","template":"","meta":{"footnotes":""},"_links":{"self":[{"href":"https:\/\/liriacutelaria.com.br\/index.php?rest_route=\/wp\/v2\/pages\/27915"}],"collection":[{"href":"https:\/\/liriacutelaria.com.br\/index.php?rest_route=\/wp\/v2\/pages"}],"about":[{"href":"https:\/\/liriacutelaria.com.br\/index.php?rest_route=\/wp\/v2\/types\/page"}],"author":[{"embeddable":true,"href":"https:\/\/liriacutelaria.com.br\/index.php?rest_route=\/wp\/v2\/users\/1"}],"replies":[{"embeddable":true,"href":"https:\/\/liriacutelaria.com.br\/index.php?rest_route=%2Fwp%2Fv2%2Fcomments&post=27915"}],"version-history":[{"count":1,"href":"https:\/\/liriacutelaria.com.br\/index.php?rest_route=\/wp\/v2\/pages\/27915\/revisions"}],"predecessor-version":[{"id":37001,"href":"https:\/\/liriacutelaria.com.br\/index.php?rest_route=\/wp\/v2\/pages\/27915\/revisions\/37001"}],"wp:attachment":[{"href":"https:\/\/liriacutelaria.com.br\/index.php?rest_route=%2Fwp%2Fv2%2Fmedia&parent=27915"}],"curies":[{"name":"wp","href":"https:\/\/api.w.org\/{rel}","templated":true}]}}