{"id":18667,"date":"2014-07-16T12:02:56","date_gmt":"2014-07-16T15:02:56","guid":{"rendered":"http:\/\/the7.dream-demo.com\/?page_id=18667"},"modified":"2020-07-14T08:14:30","modified_gmt":"2020-07-14T11:14:30","slug":"carrinho","status":"publish","type":"page","link":"https:\/\/liriacutelaria.com.br\/?page_id=18667","title":{"rendered":"Carrinho"},"content":{"rendered":"<div class=\"woocommerce\"><div class=\"woocommerce-notices-wrapper\"><\/div>\n<div class=\"woocommerce-cart-wrap\">\n<form class=\"woocommerce-cart-form\" action=\"https:\/\/liriacutelaria.com.br\/?page_id=18667\" method=\"post\">\n\t\n\t<table class=\"shop_table shop_table_responsive cart woocommerce-cart-form__contents\" cellspacing=\"0\">\n\t\t<thead>\n\t\t<tr>\n\t\t\t\t<th class=\"product-remove\"><\/th>\n\t\t\t\t<th class=\"product-name\">Produto<\/th>\n\t\t\t\t<th class=\"product-thumbnail\"><\/th>\n\t\t\t\t<th class=\"product-price\">Pre\u00e7o<\/th>\n\t\t\t\t<th class=\"product-quantity\">Quantidade<\/th>\n\t\t\t\t<th class=\"product-subtotal\">Sub-total<\/th>\n\t\t<\/tr>\n\t\t<\/thead>\n\t\t<tbody>\n\t\t\n\t\t\t\t\t\t<tr class=\"woocommerce-cart-form__cart-item cart_item\">\n\n\t\t\t\t\t<td class=\"product-remove\">\n\t\t\t\t\t\t<a href=\"https:\/\/liriacutelaria.com.br\/?page_id=18667&#038;remove_item=0f796eb02238d62a7ace5b8f2c416d91&#038;_wpnonce=a5a7c12598\" class=\"remove\" aria-label=\"Remover este \u00edtem\" data-product_id=\"37352\" data-product_sku=\"\"><i class=\"icomoon-the7-font-the7-cross-01\" aria-hidden=\"true\"><\/i><\/a>\t\t\t\t\t<\/td>\n\n\t\t\t\t\t<td class=\"product-thumbnail\">\n\t\t\t\t\t\t<a href=\"https:\/\/liriacutelaria.com.br\/?product=suporte-grande-em-aluminio-para-pedra-de-afiar\"><img loading=\"lazy\" decoding=\"async\" width=\"190\" height=\"140\" src=\"https:\/\/liriacutelaria.com.br\/wp-content\/uploads\/2020\/08\/1a-12.jpg\" class=\"attachment-woocommerce_thumbnail size-woocommerce_thumbnail\" alt=\"\" \/><\/a>\t\t\t\t\t<\/td>\n\n\t\t\t\t\t\t<td class=\"product-name\" data-title=\"Produto\">\n\t\t\t\t\t\t<a href=\"https:\/\/liriacutelaria.com.br\/?product=suporte-grande-em-aluminio-para-pedra-de-afiar\">Suporte Grande em Alum\u00ednio para Pedra de Afiar<\/a>\t\t\t\t\t<\/td>\n\n\t\t\t\t\t\t<td class=\"product-price\" data-title=\"Pre\u00e7o\">\n\t\t\t\t\t\t<span class=\"woocommerce-Price-amount amount\"><span class=\"woocommerce-Price-currencySymbol\">&#82;&#36;<\/span>0.00<\/span>\t\t\t\t\t<\/td>\n\n\t\t\t\t\t\t<td class=\"product-quantity\" data-title=\"Quantidade\">\n\t\t\t\t\t\t\t<div class=\"quantity buttons_added\">\n\t\t\t\t<label class=\"screen-reader-text\" for=\"quantity_69ee8428266aa\">Suporte Grande em Alum\u00ednio para Pedra de Afiar quantity<\/label>\n\t\t<input type=\"button\" value=\"-\" class=\"minus button is-form\">\t\t<input\n\t\t\t\ttype=\"number\"\n\t\t\t\tid=\"quantity_69ee8428266aa\"\n\t\t\t\tclass=\"input-text qty text\"\n\t\t\t\tstep=\"1\"\n\t\t\t\tmin=\"0\"\n\t\t\t\tmax=\"\"\n\t\t\t\tname=\"cart[0f796eb02238d62a7ace5b8f2c416d91][qty]\"\n\t\t\t\tvalue=\"1\"\n\t\t\t\ttitle=\"Qty\"\n\t\t\t\tsize=\"4\"\n\t\t\t\tplaceholder=\"\"\n\t\t\t\tinputmode=\"numeric\" \/>\n\t\t<input type=\"button\" value=\"+\" class=\"plus button is-form\">\t\t\t<\/div>\n\t\t\t\t\t\t<\/td>\n\n\t\t\t\t\t\t<td class=\"product-subtotal\" data-title=\"Sub-total\">\n\t\t\t\t\t\t<span class=\"woocommerce-Price-amount amount\"><span class=\"woocommerce-Price-currencySymbol\">&#82;&#36;<\/span>0.00<\/span>\t\t\t\t\t<\/td>\n\t\t\t\t<\/tr>\n\t\t\t\t\n\t\t\n\t\t<tr>\n\t\t\t<td colspan=\"6\" class=\"actions\">\n\t\t\t\t\t<div class=\"cart-footer\">\n\n\t\t\t\t\t\t\t\t\t<div class=\"coupon\">\n                            <span class=\"wc-coupon-field\">\n\t\t\t\t\t\t\t\t<label for=\"coupon_code\">Coupon:<\/label> <input type=\"text\" name=\"coupon_code\" class=\"wc-coupon-input input-text\" id=\"coupon_code\" value=\"\" placeholder=\"Coupon code\" \/>\n                            <\/span>\n                            <button type=\"submit\" class=\"dt-wc-btn wc-cart-button\" name=\"apply_coupon\" value=\"Apply Coupon\">Apply Coupon<\/button>\n\t\t\t\t\t\t\t\t\t\t\t<\/div>\n\t\t\t\t\n\t\t\t\t\t\t<span class=\"update-cart-button\"><i class=\"dt-icon-the7-refresh-07\" aria-hidden=\"true\"><\/i><input type=\"submit\" name=\"update_cart\" value=\"Refresh Cart\"\/><\/span>\n\n\t\t\t\t\n\t\t\t\t<input type=\"hidden\" id=\"woocommerce-cart-nonce\" name=\"woocommerce-cart-nonce\" value=\"a5a7c12598\" \/><input type=\"hidden\" name=\"_wp_http_referer\" value=\"\/index.php?rest_route=%2Fwp%2Fv2%2Fpages%2F18667\" \/>\n                    <\/div>\n\t\t\t<\/td>\n\t\t<\/tr>\n\n\t\t\t\t<\/tbody>\n\t<\/table>\n\t<\/form>\n\n\n<div class=\"cart-collaterals\">\n\t<div class=\"cart_totals \">\n\n\t\n\t<h2>Total no carrinho<\/h2>\n\n\t<table cellspacing=\"0\" class=\"shop_table shop_table_responsive\">\n\n\t\t<tr class=\"cart-subtotal\">\n\t\t\t<th>Subtotal<\/th>\n\t\t\t<td data-title=\"Subtotal\"><span class=\"woocommerce-Price-amount amount\"><span class=\"woocommerce-Price-currencySymbol\">&#82;&#36;<\/span>0.00<\/span><\/td>\n\t\t<\/tr>\n\n\t\t\n\t\t\n\t\t\n\t\t\n\t\t\n\t\t<tr class=\"order-total\">\n\t\t\t<th>Total<\/th>\n\t\t\t<td data-title=\"Total\"><strong><span class=\"woocommerce-Price-amount amount\"><span class=\"woocommerce-Price-currencySymbol\">&#82;&#36;<\/span>0.00<\/span><\/strong> <\/td>\n\t\t<\/tr>\n\n\t\t\n\t<\/table>\n\n\t<div class=\"wc-proceed-to-checkout\">\n\t\t\n<a href=\"https:\/\/liriacutelaria.com.br\/?page_id=18669\" class=\"checkout-button button alt wc-forward\">\n\tConcluir compra<\/a>\n\t<\/div>\n\n\t\n<\/div>\n<\/div>\n\n\n<\/div><!-- woocommerce-cart-wrap -->\n\n<\/div>\n","protected":false},"excerpt":{"rendered":"<p>Produto Pre\u00e7o Quantidade Sub-total Suporte Grande em Alum\u00ednio para Pedra de Afiar &#82;&#36;0.00 Suporte Grande em Alum\u00ednio para Pedra de Afiar quantity &#82;&#36;0.00 Coupon: Apply Coupon Total no carrinho Subtotal &#82;&#36;0.00 Total &#82;&#36;0.00 Concluir compra<\/p>\n","protected":false},"author":1,"featured_media":0,"parent":0,"menu_order":20,"comment_status":"closed","ping_status":"closed","template":"","meta":{"footnotes":""},"_links":{"self":[{"href":"https:\/\/liriacutelaria.com.br\/index.php?rest_route=\/wp\/v2\/pages\/18667"}],"collection":[{"href":"https:\/\/liriacutelaria.com.br\/index.php?rest_route=\/wp\/v2\/pages"}],"about":[{"href":"https:\/\/liriacutelaria.com.br\/index.php?rest_route=\/wp\/v2\/types\/page"}],"author":[{"embeddable":true,"href":"https:\/\/liriacutelaria.com.br\/index.php?rest_route=\/wp\/v2\/users\/1"}],"replies":[{"embeddable":true,"href":"https:\/\/liriacutelaria.com.br\/index.php?rest_route=%2Fwp%2Fv2%2Fcomments&post=18667"}],"version-history":[{"count":2,"href":"https:\/\/liriacutelaria.com.br\/index.php?rest_route=\/wp\/v2\/pages\/18667\/revisions"}],"predecessor-version":[{"id":36998,"href":"https:\/\/liriacutelaria.com.br\/index.php?rest_route=\/wp\/v2\/pages\/18667\/revisions\/36998"}],"wp:attachment":[{"href":"https:\/\/liriacutelaria.com.br\/index.php?rest_route=%2Fwp%2Fv2%2Fmedia&parent=18667"}],"curies":[{"name":"wp","href":"https:\/\/api.w.org\/{rel}","templated":true}]}}