{"id":16326,"date":"2014-06-16T13:10:08","date_gmt":"2014-06-16T16:10:08","guid":{"rendered":"http:\/\/the7.dream-demo.com\/?page_id=16326"},"modified":"2020-08-13T07:27:47","modified_gmt":"2020-08-13T10:27:47","slug":"depoimentos","status":"publish","type":"page","link":"https:\/\/liriacutelaria.com.br\/?page_id=16326","title":{"rendered":"Depoimentos"},"content":{"rendered":"<p>[vc_row type=&#8221;vc_default&#8221;][vc_column css=&#8221;.vc_custom_1491848173155{padding-top: 70px !important;padding-bottom: 70px !important;}&#8221;]<div class=\"wf-container loading-effect-none iso-container\" data-padding=\"15px\" data-cur-page=\"1\" data-width=\"300px\" data-columns=\"2\">\n<div class=\"wf-cell iso-item\" data-post-id=\"137\" data-date=\"2013-08-08T12:27:29-03:00\" data-name=\"Rubens Almeida\">\n\t<div class=\"testimonial-item\">\n\t\t<article>\n\t<div class=\"testimonial-content\">\n\t\t<p>Excelente local pra comprar panela de ferro, barro, pedra e muitos \u00edtens de cozinha. Ta\u00ed um lugar que n\u00e3o conhecia e me cativei pelo atendimento. Nota 10 pra vcs.<\/p>\n\t<\/div>\n\t<div class=\"testimonial-vcard\">\n\t\t<div class=\"testimonial-thumbnail\">\n\t\t\t<span class=\"alignleft no-avatar\"><\/span>\t\t<\/div>\n\t\t<div class=\"testimonial-desc\">\n\t\t\t<span class=\"text-primary\">Rubens Almeida<\/span>\t\t<\/div>\n\t<\/div>\n<\/article>\n\t<\/div>\n\n<\/div>\n<div class=\"wf-cell iso-item\" data-post-id=\"135\" data-date=\"2013-08-08T12:24:57-03:00\" data-name=\"Oilde Antunes de oliveira\">\n\t<div class=\"testimonial-item\">\n\t\t<article>\n\t<div class=\"testimonial-content\">\n\t\t<p>O dono muito simp\u00e1tico e gentil. Tem facas, filtros e produtos de cozinha. Excelente atendimento.<\/p>\n\t<\/div>\n\t<div class=\"testimonial-vcard\">\n\t\t<div class=\"testimonial-thumbnail\">\n\t\t\t<span class=\"alignleft no-avatar\"><\/span>\t\t<\/div>\n\t\t<div class=\"testimonial-desc\">\n\t\t\t<span class=\"text-primary\">Oilde Antunes de oliveira<\/span>\t\t<\/div>\n\t<\/div>\n<\/article>\n\t<\/div>\n\n<\/div>\n<div class=\"wf-cell iso-item\" data-post-id=\"134\" data-date=\"2013-08-08T12:23:58-03:00\" data-name=\"Karina Cechelero De Manuel\">\n\t<div class=\"testimonial-item\">\n\t\t<article>\n\t<div class=\"testimonial-content\">\n\t\t<p>Adorei a loja, pre\u00e7os \u00f3timos, achei coisas que n\u00e3o encontrava em lugar nenhum. O atendimento \u00e9 o diferencial, fui muito bem atendida. Super recomendo!<\/p>\n\t<\/div>\n\t<div class=\"testimonial-vcard\">\n\t\t<div class=\"testimonial-thumbnail\">\n\t\t\t<span class=\"alignleft no-avatar\"><\/span>\t\t<\/div>\n\t\t<div class=\"testimonial-desc\">\n\t\t\t<span class=\"text-primary\">Karina Cechelero De Manuel<\/span>\t\t<\/div>\n\t<\/div>\n<\/article>\n\t<\/div>\n\n<\/div>\n<div class=\"wf-cell iso-item\" data-post-id=\"136\" data-date=\"2013-07-08T12:26:32-03:00\" data-name=\"Edilson Miaqui\">\n\t<div class=\"testimonial-item\">\n\t\t<article>\n\t<div class=\"testimonial-content\">\n\t\t<p>Excelente atendimento. Loja simples mas com boa variedade produtos interessantes e vai al\u00e9m da cutelaria. Dica boa \u00e9 para quem precisa de bainhas para fac\u00f5es. Pre\u00e7os destes foram imbat\u00edveis, metade do cobrado das lojas grandes. Recomendo.<\/p>\n\t<\/div>\n\t<div class=\"testimonial-vcard\">\n\t\t<div class=\"testimonial-thumbnail\">\n\t\t\t<span class=\"alignleft no-avatar\"><\/span>\t\t<\/div>\n\t\t<div class=\"testimonial-desc\">\n\t\t\t<span class=\"text-primary\">Edilson Miaqui<\/span><span class=\"text-secondary color-secondary\">web designer<\/span>\t\t<\/div>\n\t<\/div>\n<\/article>\n\t<\/div>\n\n<\/div>\n<div class=\"wf-cell iso-item\" data-post-id=\"138\" data-date=\"2013-05-08T12:27:51-03:00\" data-name=\"Milson F\">\n\t<div class=\"testimonial-item\">\n\t\t<article>\n\t<div class=\"testimonial-content\">\n\t\t<p>Vendem excelentes produtos e \u00f3timo atendimento.<\/p>\n\t<\/div>\n\t<div class=\"testimonial-vcard\">\n\t\t<div class=\"testimonial-thumbnail\">\n\t\t\t<span class=\"alignleft no-avatar\"><\/span>\t\t<\/div>\n\t\t<div class=\"testimonial-desc\">\n\t\t\t<span class=\"text-primary\">Milson F<\/span>\t\t<\/div>\n\t<\/div>\n<\/article>\n\t<\/div>\n\n<\/div><\/div>[\/vc_column][\/vc_row][vc_row bg_type=&#8221;bg_color&#8221; bg_override=&#8221;ex-full&#8221; type=&#8221;vc_default&#8221; margin_bottom=&#8221;-30&#8243; full_width_padding_left=&#8221;40&#8243; full_width_padding_right=&#8221;40&#8243; full_width_margin_top=&#8221;0&#8243; full_width_margin_bottom=&#8221;0&#8243; css=&#8221;.vc_custom_1491989779029{padding-top: 60px !important;padding-bottom: 60px !important;}&#8221; bg_color_value=&#8221;#f3f3f5&#8243;][vc_column offset=&#8221;vc_col-lg-offset-2 vc_col-lg-8 vc_col-md-offset-2 vc_col-md-8 vc_col-sm-offset-0&#8243;]<div id=\"ultimate-heading-975369ee6cd77cac7\" class=\"uvc-heading ult-adjust-bottom-margin ultimate-heading-975369ee6cd77cac7 uvc-5168 \" data-hspacer=\"line_with_icon\" data-hline_width=\"230\" data-hicon_type=\"selector\" data-hborder_style=\"solid\" data-hborder_height=\"2\" data-hborder_color=\"rgba(204,204,204,0.85)\" data-icon_width=\"14\" data-hfixer=\"10\"  data-halign=\"center\" style=\"text-align:center\"><div class=\"uvc-main-heading ult-responsive\"  data-ultimate-target='.uvc-heading.ultimate-heading-975369ee6cd77cac7 h2'  data-responsive-json-new='{\"font-size\":\"desktop:20px;\",\"line-height\":\"desktop:30px;\"}' ><h2 style=\"font-weight:bold;\">QUER FALAR SOBRE N\u00d3S?<\/h2><\/div><div class=\"uvc-heading-spacer line_with_icon\" style=\"margin-bottom:40px;height:14px;\"><div class=\"ult-just-icon-wrapper  \"><div class=\"align-icon\" style=\"text-align:center;\">\n<div class=\"aio-icon none \"  style=\"color:#cccccc;font-size:14px;display:inline-block;\">\n\t<i class=\"icomoon-font-awesome-14x14-star\"><\/i>\n<\/div><\/div><\/div><\/div><\/div>[vc_column_text css=&#8221;.vc_custom_1597314450868{padding-bottom: 30px !important;}&#8221;]<\/p>\n<p style=\"text-align: center;\">ESCREVA SEU DEPOIMENTO!<\/p>\n<p>[\/vc_column_text]<form class=\"dt-contact-form dt-form\" method=\"post\"><input type=\"hidden\" name=\"widget_id\" value=\"presscore-contact-form-widget--1\" \/><input type=\"hidden\" name=\"send_message\" value=\"\" \/><input type=\"hidden\" name=\"security_token\" value=\"b1d31ac5c343e73b46ab\"\/><div class=\"form-fields\"><span class=\"form-name\"><label class=\"assistive-text\">Nome *<\/label><input type=\"text\" class=\"validate[required]\" placeholder=\"Nome *\" name=\"name\" value=\"\" aria-required=\"true\">\n<\/span><span class=\"form-mail\"><label class=\"assistive-text\">E-mail *<\/label><input type=\"text\" class=\"validate[required,custom[email]]\" placeholder=\"E-mail *\" name=\"email\" value=\"\" aria-required=\"true\">\n<\/span><span class=\"form-telephone\"><label class=\"assistive-text\">Telefone<\/label><input type=\"text\" placeholder=\"Telefone\" name=\"telephone\" value=\"\" aria-required=\"false\">\n<\/span><\/div><span class=\"form-message\"><label class=\"assistive-text\">Mensagem *<\/label><textarea class=\"validate[required]\" placeholder=\"Mensagem *\" name=\"message\" rows=\"5\" aria-required=\"true\"><\/textarea>\n<\/span><p><a href=\"#\" class=\"dt-btn dt-btn-m dt-btn-submit\" rel=\"nofollow\"><span>ENVIAR DEPOIMENTO<\/span><\/a><input class=\"assistive-text\" type=\"submit\" value=\"enviar\"><\/p><\/form>\n[\/vc_column][\/vc_row]<\/p>\n","protected":false},"excerpt":{"rendered":"<p>[vc_row type=&#8221;vc_default&#8221;][vc_column css=&#8221;.vc_custom_1491848173155{padding-top: 70px !important;padding-bottom: 70px !important;}&#8221;][\/vc_column][\/vc_row][vc_row bg_type=&#8221;bg_color&#8221; bg_override=&#8221;ex-full&#8221; type=&#8221;vc_default&#8221; margin_bottom=&#8221;-30&#8243; full_width_padding_left=&#8221;40&#8243; full_width_padding_right=&#8221;40&#8243; full_width_margin_top=&#8221;0&#8243; full_width_margin_bottom=&#8221;0&#8243; css=&#8221;.vc_custom_1491989779029{padding-top: 60px !important;padding-bottom: 60px !important;}&#8221; bg_color_value=&#8221;#f3f3f5&#8243;][vc_column offset=&#8221;vc_col-lg-offset-2 vc_col-lg-8 vc_col-md-offset-2 vc_col-md-8 vc_col-sm-offset-0&#8243;][vc_column_text css=&#8221;.vc_custom_1597314450868{padding-bottom: 30px !important;}&#8221;] ESCREVA SEU DEPOIMENTO! [\/vc_column_text][\/vc_column][\/vc_row]<\/p>\n","protected":false},"author":1,"featured_media":0,"parent":0,"menu_order":980,"comment_status":"closed","ping_status":"closed","template":"","meta":{"footnotes":""},"_links":{"self":[{"href":"https:\/\/liriacutelaria.com.br\/index.php?rest_route=\/wp\/v2\/pages\/16326"}],"collection":[{"href":"https:\/\/liriacutelaria.com.br\/index.php?rest_route=\/wp\/v2\/pages"}],"about":[{"href":"https:\/\/liriacutelaria.com.br\/index.php?rest_route=\/wp\/v2\/types\/page"}],"author":[{"embeddable":true,"href":"https:\/\/liriacutelaria.com.br\/index.php?rest_route=\/wp\/v2\/users\/1"}],"replies":[{"embeddable":true,"href":"https:\/\/liriacutelaria.com.br\/index.php?rest_route=%2Fwp%2Fv2%2Fcomments&post=16326"}],"version-history":[{"count":2,"href":"https:\/\/liriacutelaria.com.br\/index.php?rest_route=\/wp\/v2\/pages\/16326\/revisions"}],"predecessor-version":[{"id":37288,"href":"https:\/\/liriacutelaria.com.br\/index.php?rest_route=\/wp\/v2\/pages\/16326\/revisions\/37288"}],"wp:attachment":[{"href":"https:\/\/liriacutelaria.com.br\/index.php?rest_route=%2Fwp%2Fv2%2Fmedia&parent=16326"}],"curies":[{"name":"wp","href":"https:\/\/api.w.org\/{rel}","templated":true}]}}