{"id":14805,"date":"2014-04-23T14:50:39","date_gmt":"2014-04-23T17:50:39","guid":{"rendered":"http:\/\/the7.dream-demo.com\/?page_id=14805"},"modified":"2020-08-13T07:15:33","modified_gmt":"2020-08-13T10:15:33","slug":"sobre-a-loja","status":"publish","type":"page","link":"https:\/\/liriacutelaria.com.br\/?page_id=14805","title":{"rendered":"Sobre a Loja"},"content":{"rendered":"<p>[vc_row gap=&#8221;30&#8243;][vc_column css=&#8221;.vc_custom_1597313728732{padding-top: 20px !important;}&#8221;]<div id=\"ultimate-heading-355269ee6cda23bb8\" class=\"uvc-heading ult-adjust-bottom-margin ultimate-heading-355269ee6cda23bb8 uvc-14 \" data-hspacer=\"line_with_icon\" data-hline_width=\"230\" data-hicon_type=\"selector\" data-hborder_style=\"solid\" data-hborder_height=\"2\" data-hborder_color=\"rgba(199,199,199,0.65)\" data-icon_width=\"14\" data-hfixer=\"10\"  data-halign=\"center\" style=\"text-align:center\"><div class=\"uvc-main-heading ult-responsive\"  data-ultimate-target='.uvc-heading.ultimate-heading-355269ee6cda23bb8 h2'  data-responsive-json-new='{\"font-size\":\"desktop:20px;\",\"line-height\":\"desktop:30px;\"}' ><h2 style=\"font-weight:bold;\">NOSSA LOJA<\/h2><\/div><div class=\"uvc-heading-spacer line_with_icon\" style=\"margin-bottom:40px;height:14px;\"><div class=\"ult-just-icon-wrapper  \"><div class=\"align-icon\" style=\"text-align:center;\">\n<div class=\"aio-icon none \"  style=\"color:rgba(199,199,199,0.7);font-size:14px;display:inline-block;\">\n\t<i class=\"icomoon-font-awesome-14x14-star\"><\/i>\n<\/div><\/div><\/div><\/div><\/div>[vc_row_inner gap=&#8221;20&#8243; css=&#8221;.vc_custom_1597313680219{padding-top: 30px !important;}&#8221;][vc_column_inner width=&#8221;1\/3&#8243;]<style type=\"text\/css\" data-type=\"the7_shortcodes-inline-css\">.shortcode-single-image-wrap.shortcode-single-image-d181f5f06b8e2fb416e554eddd078999.enable-bg-rollover .rollover i,\n.shortcode-single-image-wrap.shortcode-single-image-d181f5f06b8e2fb416e554eddd078999.enable-bg-rollover .rollover-video i {\n  background: ;\n  background: -webkit-linear-gradient();\n  background: linear-gradient();\n}\n.shortcode-single-image-wrap.shortcode-single-image-d181f5f06b8e2fb416e554eddd078999 .rollover-icon {\n  font-size: 32px;\n  color: #ffffff;\n  min-width: 44px;\n  min-height: 44px;\n  line-height: 44px;\n  border-radius: 100px;\n  border-style: solid;\n  border-width: 0px;\n}\n.dt-icon-bg-on.shortcode-single-image-wrap.shortcode-single-image-d181f5f06b8e2fb416e554eddd078999 .rollover-icon {\n  background: rgba(255,255,255,0.3);\n  box-shadow: none;\n}\n<\/style><div class=\"shortcode-single-image-wrap shortcode-single-image-d181f5f06b8e2fb416e554eddd078999 alignnone  enable-bg-rollover dt-icon-bg-off\" style=\"margin-top:0px; margin-bottom:0px; margin-left:0px; margin-right:0px; width:700px;\"><div class=\"shortcode-single-image\"><div class=\"fancy-media-wrap  layzr-bg\" style=\"\"><img loading=\"lazy\" decoding=\"async\" class=\"preload-me lazy-load\" src=\"data:image\/svg+xml,%3Csvg%20xmlns%3D&#39;http%3A%2F%2Fwww.w3.org%2F2000%2Fsvg&#39;%20viewBox%3D&#39;0%200%20247%20248&#39;%2F%3E\" data-src=\"https:\/\/liriacutelaria.com.br\/wp-content\/uploads\/2020\/07\/1-im-247x248.jpg\" data-srcset=\"https:\/\/liriacutelaria.com.br\/wp-content\/uploads\/2020\/07\/1-im-247x248.jpg 247w\" width=\"247\" height=\"248\"  data-dt-location=\"https:\/\/liriacutelaria.com.br\/?attachment_id=37229\" style=\"\" alt=\"\" \/><\/div><\/div><\/div>[\/vc_column_inner][vc_column_inner width=&#8221;2\/3&#8243;][vc_column_text]<\/p>\n<p style=\"text-align: justify;\">A Cutelaria LS iniciou suas atividades em 1999 ,com o nome comercial de Cutelaria Curitiba, e sob a lideran\u00e7a de Luis Carlos de Souza. Com muita luta perseveran\u00e7a , simpatia e 20 anos de experi\u00eancia no ramo de cutelaria, Luis Carlos come\u00e7ou a visitar clientes e revender os produtos e assim foi passo a passo conquistando seu espa\u00e7o no mercado sempre com \u00f3timo relacionamento com empresas de ponta.<\/p>\n<p style=\"text-align: justify;\">Desde ent\u00e3o anos j\u00e1 se passaram dando solidez e credibilidade a suas id\u00e9ias. Tendo os seus objetivos transmitidos e solidificados juntamente com aqueles que trabalham com ele , sejam funcion\u00e1rios, fornecedores e\/ou parceiros, sendo que um dos principais objetivos \u00e9 estar sempre atualizado com produtos e tecnologia voltados a atender sempre muito bem os nossos cliente.<\/p>\n<p>[\/vc_column_text][\/vc_column_inner][\/vc_row_inner][\/vc_column][\/vc_row][vc_row bg_type=&#8221;bg_color&#8221; bg_override=&#8221;ex-full&#8221; type=&#8221;vc_default&#8221; margin_bottom=&#8221;-30&#8243; full_width_padding_left=&#8221;40&#8243; full_width_padding_right=&#8221;40&#8243; full_width_margin_top=&#8221;0&#8243; full_width_margin_bottom=&#8221;0&#8243; css=&#8221;.vc_custom_1491988692498{padding-top: 60px !important;padding-bottom: 20px !important;}&#8221; bg_color_value=&#8221;#f3f3f5&#8243;][vc_column]<div id=\"ultimate-heading-96969ee6cda24226\" class=\"uvc-heading ult-adjust-bottom-margin ultimate-heading-96969ee6cda24226 uvc-6248 \" data-hspacer=\"line_with_icon\" data-hline_width=\"230\" data-hicon_type=\"selector\" data-hborder_style=\"solid\" data-hborder_height=\"2\" data-hborder_color=\"rgba(199,199,199,0.65)\" data-icon_width=\"14\" data-hfixer=\"10\"  data-halign=\"center\" style=\"text-align:center\"><div class=\"uvc-main-heading ult-responsive\"  data-ultimate-target='.uvc-heading.ultimate-heading-96969ee6cda24226 h2'  data-responsive-json-new='{\"font-size\":\"desktop:20px;\",\"line-height\":\"desktop:30px;\"}' ><h2 style=\"font-weight:bold;\">FORNECEDORES<\/h2><\/div><div class=\"uvc-heading-spacer line_with_icon\" style=\"margin-bottom:40px;height:14px;\"><div class=\"ult-just-icon-wrapper  \"><div class=\"align-icon\" style=\"text-align:center;\">\n<div class=\"aio-icon none \"  style=\"color:rgba(199,199,199,0.7);font-size:14px;display:inline-block;\">\n\t<i class=\"icomoon-font-awesome-14x14-star\"><\/i>\n<\/div><\/div><\/div><\/div><\/div><style type=\"text\/css\" data-type=\"the7_shortcodes-inline-css\">.carousel-shortcode.carousel-shortcode-id-53a2b18f0a92ef6b8e3845a75636ae07 .owl-nav a {\n  width: 22px;\n  height: 60px;\n  border-radius: 0px;\n}\n.dt-arrow-border-on.carousel-shortcode.carousel-shortcode-id-53a2b18f0a92ef6b8e3845a75636ae07 .owl-nav a:not(:hover):before {\n  border-width: 2px;\n}\n.dt-arrow-hover-border-on.carousel-shortcode.carousel-shortcode-id-53a2b18f0a92ef6b8e3845a75636ae07 .owl-nav a:hover:after {\n  border-width: 2px;\n}\n.carousel-shortcode.carousel-shortcode-id-53a2b18f0a92ef6b8e3845a75636ae07 .owl-nav a.owl-prev {\n  top: 50%;\n  transform: translateY(calc(-50% + 0px));\n  left: -32px;\n}\n@media all and (-ms-high-contrast: none) {\n  .carousel-shortcode.carousel-shortcode-id-53a2b18f0a92ef6b8e3845a75636ae07 .owl-nav a.owl-prev {\n    transform: translateY(-50%);\n    margin-top: 0px;\n  }\n}\n.carousel-shortcode.carousel-shortcode-id-53a2b18f0a92ef6b8e3845a75636ae07 .owl-nav a.owl-prev i {\n  padding: 0px 0px 0px 0px;\n}\n.carousel-shortcode.carousel-shortcode-id-53a2b18f0a92ef6b8e3845a75636ae07 .owl-nav a.owl-next {\n  top: 50%;\n  transform: translateY(calc(-50% + 0px));\n  right: -32px;\n}\n@media all and (-ms-high-contrast: none) {\n  .carousel-shortcode.carousel-shortcode-id-53a2b18f0a92ef6b8e3845a75636ae07 .owl-nav a.owl-next {\n    transform: translateY(-50%);\n    margin-top: 0px;\n  }\n}\n.carousel-shortcode.carousel-shortcode-id-53a2b18f0a92ef6b8e3845a75636ae07 .owl-nav a.owl-next i {\n  padding: 0px 0px 0px 0px;\n}\n.carousel-shortcode.carousel-shortcode-id-53a2b18f0a92ef6b8e3845a75636ae07 .owl-nav i {\n  font-size: 13px;\n}\n.carousel-shortcode.carousel-shortcode-id-53a2b18f0a92ef6b8e3845a75636ae07 .owl-nav a:hover i,\n.carousel-shortcode.carousel-shortcode-id-53a2b18f0a92ef6b8e3845a75636ae07 .owl-nav a:hover i:before {\n  color: #ffffff;\n  background: none;\n}\n.carousel-shortcode.carousel-shortcode-id-53a2b18f0a92ef6b8e3845a75636ae07 .owl-dots {\n  top: calc(100% + 20px);\n  left: 50%;\n  transform: translateX(calc(-50% + 0px));\n}\n@media all and (-ms-high-contrast: none) {\n  .carousel-shortcode.carousel-shortcode-id-53a2b18f0a92ef6b8e3845a75636ae07 .owl-dots {\n    transform: translateX(-50%);\n    margin-left: 0px;\n  }\n}\n.carousel-shortcode.carousel-shortcode-id-53a2b18f0a92ef6b8e3845a75636ae07 .owl-dot {\n  width: 10px;\n  height: 10px;\n  margin: 0 8px;\n}\n@media screen and (max-width: 778px) {\n  .carousel-shortcode.carousel-shortcode-id-53a2b18f0a92ef6b8e3845a75636ae07.hide-arrows .owl-nav a {\n    display: none;\n  }\n}\n@media screen and (max-width: 990px) {\n  .carousel-shortcode.carousel-shortcode-id-53a2b18f0a92ef6b8e3845a75636ae07.reposition-arrows .owl-nav .owl-prev {\n    top: 50%;\n    transform: translateY(calc(-50% + 0px));\n    left: 10px;\n  }\n  .carousel-shortcode.carousel-shortcode-id-53a2b18f0a92ef6b8e3845a75636ae07.reposition-arrows .owl-nav .owl-next {\n    top: 50%;\n    transform: translateY(calc(-50% + 0px));\n    right: 10px;\n  }\n}\n@media screen and (max-width: 990px) and all and (-ms-high-contrast: none) {\n  .carousel-shortcode.carousel-shortcode-id-53a2b18f0a92ef6b8e3845a75636ae07.reposition-arrows .owl-nav .owl-prev {\n    transform: translateY(-50%);\n    margin-top: 0px;\n  }\n}\n@media screen and (max-width: 990px) and all and (-ms-high-contrast: none) {\n  .carousel-shortcode.carousel-shortcode-id-53a2b18f0a92ef6b8e3845a75636ae07.reposition-arrows .owl-nav .owl-next {\n    transform: translateY(-50%);\n    margin-top: 0px;\n  }\n}\n<\/style><div class=\"owl-carousel carousel-shortcode dt-owl-carousel-call carousel-shortcode-id-53a2b18f0a92ef6b8e3845a75636ae07 bullets-small-dot-stroke reposition-arrows arrows-bg-off dt-arrow-border-on dt-arrow-hover-border-on disable-arrows-hover-bg arrows-hover-bg-on  vc_custom_1578902813198 \" data-scroll-mode=\"1\" data-col-num=\"6\" data-wide-col-num=\"6\" data-laptop-col=\"5\" data-h-tablet-columns-num=\"4\" data-v-tablet-columns-num=\"3\" data-phone-columns-num=\"2\" data-auto-height=\"true\" data-col-gap=\"30\" data-stage-padding=\"0\" data-speed=\"600\" data-autoplay=\"false\" data-autoplay_speed=\"6000\" data-arrows=\"true\" data-bullet=\"false\" data-next-icon=\"icon-ar-017-r\" data-prev-icon=\"icon-ar-017-l\">[vc_single_image image=&#8221;37282&#8243; img_size=&#8221;300&#215;200&#8243; onclick=&#8221;custom_link&#8221; img_link_target=&#8221;_blank&#8221; image_hovers=&#8221;false&#8221; lazy_loading=&#8221;true&#8221; link=&#8221;http:\/\/themeforest.net\/item\/the7-responsive-multipurpose-wordpress-theme\/5556590&#8243;][vc_single_image image=&#8221;37275&#8243; img_size=&#8221;300&#215;200&#8243; onclick=&#8221;custom_link&#8221; img_link_target=&#8221;_blank&#8221; image_hovers=&#8221;false&#8221; lazy_loading=&#8221;true&#8221; link=&#8221;http:\/\/themeforest.net\/item\/the7-responsive-multipurpose-wordpress-theme\/5556590&#8243;][vc_single_image image=&#8221;37281&#8243; img_size=&#8221;300&#215;200&#8243; onclick=&#8221;custom_link&#8221; img_link_target=&#8221;_blank&#8221; image_hovers=&#8221;false&#8221; lazy_loading=&#8221;true&#8221; link=&#8221;http:\/\/themeforest.net\/item\/the7-responsive-multipurpose-wordpress-theme\/5556590&#8243;][vc_single_image image=&#8221;37280&#8243; img_size=&#8221;300&#215;200&#8243; onclick=&#8221;custom_link&#8221; img_link_target=&#8221;_blank&#8221; image_hovers=&#8221;false&#8221; lazy_loading=&#8221;true&#8221; link=&#8221;http:\/\/themeforest.net\/item\/the7-responsive-multipurpose-wordpress-theme\/5556590&#8243;][vc_single_image image=&#8221;37278&#8243; img_size=&#8221;300&#215;200&#8243; onclick=&#8221;custom_link&#8221; img_link_target=&#8221;_blank&#8221; image_hovers=&#8221;false&#8221; lazy_loading=&#8221;true&#8221; link=&#8221;http:\/\/themeforest.net\/item\/the7-responsive-multipurpose-wordpress-theme\/5556590&#8243;][vc_single_image image=&#8221;37279&#8243; img_size=&#8221;300&#215;200&#8243; onclick=&#8221;custom_link&#8221; img_link_target=&#8221;_blank&#8221; image_hovers=&#8221;false&#8221; lazy_loading=&#8221;true&#8221; link=&#8221;http:\/\/themeforest.net\/item\/the7-responsive-multipurpose-wordpress-theme\/5556590&#8243;][vc_single_image image=&#8221;37277&#8243; img_size=&#8221;300&#215;200&#8243; onclick=&#8221;custom_link&#8221; img_link_target=&#8221;_blank&#8221; image_hovers=&#8221;false&#8221; lazy_loading=&#8221;true&#8221; link=&#8221;http:\/\/themeforest.net\/item\/the7-responsive-multipurpose-wordpress-theme\/5556590&#8243;][vc_single_image image=&#8221;37276&#8243; img_size=&#8221;300&#215;200&#8243; onclick=&#8221;custom_link&#8221; img_link_target=&#8221;_blank&#8221; image_hovers=&#8221;false&#8221; lazy_loading=&#8221;true&#8221; link=&#8221;http:\/\/themeforest.net\/item\/the7-responsive-multipurpose-wordpress-theme\/5556590&#8243;]<\/div>[\/vc_column][\/vc_row]<\/p>\n","protected":false},"excerpt":{"rendered":"<p>[vc_row gap=&#8221;30&#8243;][vc_column css=&#8221;.vc_custom_1597313728732{padding-top: 20px !important;}&#8221;][vc_row_inner gap=&#8221;20&#8243; css=&#8221;.vc_custom_1597313680219{padding-top: 30px !important;}&#8221;][vc_column_inner width=&#8221;1\/3&#8243;][\/vc_column_inner][vc_column_inner width=&#8221;2\/3&#8243;][vc_column_text] A Cutelaria LS iniciou suas atividades em 1999 ,com o nome comercial de Cutelaria Curitiba, e sob a lideran\u00e7a de Luis Carlos de Souza. Com muita luta perseveran\u00e7a , simpatia e 20 anos de experi\u00eancia no ramo de cutelaria, Luis Carlos come\u00e7ou a visitar&hellip;<\/p>\n","protected":false},"author":1,"featured_media":0,"parent":0,"menu_order":940,"comment_status":"closed","ping_status":"closed","template":"","meta":{"footnotes":""},"_links":{"self":[{"href":"https:\/\/liriacutelaria.com.br\/index.php?rest_route=\/wp\/v2\/pages\/14805"}],"collection":[{"href":"https:\/\/liriacutelaria.com.br\/index.php?rest_route=\/wp\/v2\/pages"}],"about":[{"href":"https:\/\/liriacutelaria.com.br\/index.php?rest_route=\/wp\/v2\/types\/page"}],"author":[{"embeddable":true,"href":"https:\/\/liriacutelaria.com.br\/index.php?rest_route=\/wp\/v2\/users\/1"}],"replies":[{"embeddable":true,"href":"https:\/\/liriacutelaria.com.br\/index.php?rest_route=%2Fwp%2Fv2%2Fcomments&post=14805"}],"version-history":[{"count":9,"href":"https:\/\/liriacutelaria.com.br\/index.php?rest_route=\/wp\/v2\/pages\/14805\/revisions"}],"predecessor-version":[{"id":37287,"href":"https:\/\/liriacutelaria.com.br\/index.php?rest_route=\/wp\/v2\/pages\/14805\/revisions\/37287"}],"wp:attachment":[{"href":"https:\/\/liriacutelaria.com.br\/index.php?rest_route=%2Fwp%2Fv2%2Fmedia&parent=14805"}],"curies":[{"name":"wp","href":"https:\/\/api.w.org\/{rel}","templated":true}]}}